{"id":1984,"date":"2020-12-10T14:42:56","date_gmt":"2020-12-10T19:42:56","guid":{"rendered":"https:\/\/www.amagua.com\/amagua\/?page_id=1984"},"modified":"2023-03-06T10:20:25","modified_gmt":"2023-03-06T15:20:25","slug":"codigo-de-etica","status":"publish","type":"page","link":"https:\/\/www.amagua.com\/amagua\/?page_id=1984","title":{"rendered":"C\u00f3digo de \u00c9tica"},"content":{"rendered":"\n<p>Accede a nuestro c\u00f3digo de \u00e9tica a trav\u00e9s del siguiente link:<\/p>\n\n\n\n<p><a href=\"https:\/\/www.amagua.com\/amagua\/wp-content\/uploads\/2023\/03\/CODIGO-DE-ETICA-Rev.02.pdf\" target=\"_blank\" rel=\"noreferrer noopener\">C\u00f3digo de \u00c9tica AMAGUA C.E.M.<\/a><\/p>\n\n\n\n<p>Para  denuncias, consultas sobre el C\u00f3digo de \u00c9tica o preguntas acerca de  dilemas \u00e9ticos, contacte al Comit\u00e9 de \u00c9tica a trav\u00e9s de:<\/p>\n\n\n\n<table class=\"wp-block-table\" border=\"0\"><tbody><tr><td><a href=\"https:\/\/www.amagua.com\/amagua\/wp-content\/uploads\/2020\/10\/requisitos-para-clientes-solicitar-aapp-Rev.19n.pdf\"><\/a><br><img loading=\"lazy\" decoding=\"async\" width=\"38\" height=\"35\" class=\"wp-image-1993\" style=\"width: 38px;\" src=\"https:\/\/www.amagua.com\/amagua\/wp-content\/uploads\/2020\/12\/ENVIAR.png\" alt=\"\">  <\/td><td><a href=\"https:\/\/www.amagua.com\/amagua\/wp-content\/uploads\/2020\/10\/solicitud-instalacion-medidorn.pdf\"><\/a><strong><br><\/strong><a href=\"mailto:linea.etica@amagua-cem.com\">linea.etica@amagua-cem.com<\/a>  <\/td><\/tr><tr><td><img loading=\"lazy\" decoding=\"async\" width=\"53\" height=\"37\" class=\"wp-image-1994\" style=\"width: 53px;\" src=\"https:\/\/www.amagua.com\/amagua\/wp-content\/uploads\/2020\/12\/FORM.png\" alt=\"\"><\/td><td>Correo f\u00edsico dirigido a COMIT\u00c9 DE \u00c9TICA AMAGUA C.E.M. \u2013 Km. 10 v\u00eda a Samborond\u00f3n, Edificio AMAGUA C.E.M., oficina Legal  <\/td><\/tr><\/tbody><\/table>\n\n\n\n<figure class=\"wp-block-embed aligncenter is-type-video is-provider-youtube wp-block-embed-youtube wp-embed-aspect-16-9 wp-has-aspect-ratio\"><div class=\"wp-block-embed__wrapper\">\n<iframe loading=\"lazy\" title=\"LINEA ETICA\" width=\"640\" height=\"360\" src=\"https:\/\/www.youtube.com\/embed\/kW1a5MoC4Bs?feature=oembed\" frameborder=\"0\" allow=\"accelerometer; autoplay; clipboard-write; encrypted-media; gyroscope; picture-in-picture; web-share\" referrerpolicy=\"strict-origin-when-cross-origin\" allowfullscreen><\/iframe>\n<\/div><\/figure>\n\n\n\n<div style=\"height:30px\" aria-hidden=\"true\" class=\"wp-block-spacer\"><\/div>\n\n\n\n<p>La\nconsulta o denuncia deber\u00e1 contener, al menos, la siguiente informaci\u00f3n:<\/p>\n\n\n\n<ul class=\"wp-block-list\"><li>Identificaci\u00f3n de la persona que realiza la consulta o denuncia, con su n\u00famero de c\u00e9dula.<\/li><li>En el caso de denuncia, deber\u00e1n detallarse las circunstancias de la misma y deber\u00e1n acompa\u00f1arse, en la medida de lo posible, las pruebas o indicios que lo avalen. Tambi\u00e9n deber\u00e1 identificar a los responsables de la presunta irregularidad.<\/li><li>  En el caso de consulta, deber\u00e1 indicarse el apartado del C\u00f3digo sobre el  que se desea aclaraci\u00f3n o interpretaci\u00f3n y detallarse con la mayor  precisi\u00f3n posible el objeto de la consulta. <\/li><\/ul>\n","protected":false},"excerpt":{"rendered":"<p>Accede a nuestro c\u00f3digo de \u00e9tica a trav\u00e9s del siguiente link: C\u00f3digo de \u00c9tica AMAGUA C.E.M. Para denuncias, consultas sobre el C\u00f3digo de \u00c9tica o preguntas acerca de dilemas \u00e9ticos, contacte al Comit\u00e9 de \u00c9tica a trav\u00e9s de: linea.etica@amagua-cem.com Correo f\u00edsico dirigido a COMIT\u00c9 DE \u00c9TICA AMAGUA C.E.M. \u2013 Km. 10 v\u00eda a Samborond\u00f3n, Edificio [&hellip;]<\/p>\n","protected":false},"author":1,"featured_media":0,"parent":0,"menu_order":0,"comment_status":"closed","ping_status":"closed","template":"","meta":{"ngg_post_thumbnail":0,"footnotes":""},"class_list":["post-1984","page","type-page","status-publish","hentry"],"jetpack_sharing_enabled":true,"_links":{"self":[{"href":"https:\/\/www.amagua.com\/amagua\/index.php?rest_route=\/wp\/v2\/pages\/1984"}],"collection":[{"href":"https:\/\/www.amagua.com\/amagua\/index.php?rest_route=\/wp\/v2\/pages"}],"about":[{"href":"https:\/\/www.amagua.com\/amagua\/index.php?rest_route=\/wp\/v2\/types\/page"}],"author":[{"embeddable":true,"href":"https:\/\/www.amagua.com\/amagua\/index.php?rest_route=\/wp\/v2\/users\/1"}],"replies":[{"embeddable":true,"href":"https:\/\/www.amagua.com\/amagua\/index.php?rest_route=%2Fwp%2Fv2%2Fcomments&post=1984"}],"version-history":[{"count":15,"href":"https:\/\/www.amagua.com\/amagua\/index.php?rest_route=\/wp\/v2\/pages\/1984\/revisions"}],"predecessor-version":[{"id":2380,"href":"https:\/\/www.amagua.com\/amagua\/index.php?rest_route=\/wp\/v2\/pages\/1984\/revisions\/2380"}],"wp:attachment":[{"href":"https:\/\/www.amagua.com\/amagua\/index.php?rest_route=%2Fwp%2Fv2%2Fmedia&parent=1984"}],"curies":[{"name":"wp","href":"https:\/\/api.w.org\/{rel}","templated":true}]}}