{"id":2156,"date":"2021-06-18T10:49:18","date_gmt":"2021-06-18T15:49:18","guid":{"rendered":"https:\/\/www.amagua.com\/amagua\/?page_id=2156"},"modified":"2021-06-18T10:53:01","modified_gmt":"2021-06-18T15:53:01","slug":"obras","status":"publish","type":"page","link":"https:\/\/www.amagua.com\/amagua\/?page_id=2156","title":{"rendered":"Obras"},"content":{"rendered":"\n<table class=\"wp-block-table\"><tbody><tr><td style=\"text-align:center\"><strong><h2>A\u00f1o<\/h2><\/strong><\/td><td style=\"text-align:center\"><strong><h2>Nombre del Proyecto<\/h2><\/strong><\/td><td style=\"text-align:center\"><strong><h2>Descripci\u00f3n<\/h2><\/strong><\/td><\/tr><tr><td>2020<\/td><td style=\"text-align:center\"><strong>Nuevo acueducto norte<\/strong><\/td><td>Construcci\u00f3n del nuevo Acueducto de AA.PP. desde la prolongaci\u00f3n de la v\u00eda Perimetral hasta la altura del puente Pascuales en coordinaci\u00f3n con la empresa Interagua, para el incremento de caudal, por medio de la instalaci\u00f3n de la tuber\u00eda de 600mm de material PEAD, de longitud 1.6km.<\/td><\/tr><tr><td>2020<\/td><td style=\"text-align:center\"><strong>Construcci\u00f3n de Estaci\u00f3n de re-bombeo de AA.PP. en urbanizaci\u00f3n M\u00e1laga II<\/strong><\/td><td>Se construy\u00f3 una Estaci\u00f3n de re-bombeo en la urbanizaci\u00f3n M\u00e1laga II, la cual eleva presi\u00f3n en horas pico de consumo, as\u00ed como tambi\u00e9n ayuda a una r\u00e1pida recuperaci\u00f3n del restablecimiento del servicio cuando existen cortes del servicio agua potable.<\/td><\/tr><tr><td>2018<\/td><td style=\"text-align:center\"><strong>Renovaci\u00f3n de tuber\u00edas de AA.SS Entre R\u00edos<\/strong><\/td><td>Renovaci\u00f3n de tuber\u00edas de aguas servidas por vetustez en tramos cercanos al malec\u00f3n de la ciudadela Entre R\u00edos, con el fin de evitar posibles obstrucciones de la red de AA.SS. en el sector.<\/td><\/tr><tr><td>2017<\/td><td style=\"text-align:center\"><strong>Acueducto El Cortijo \u2013 Ciudad Celeste<\/strong><\/td><td>Suministro e instalaci\u00f3n de tuber\u00eda PVC 355mm para ampliaci\u00f3n de caudal y mejoramiento de presi\u00f3n en las diferentes etapas de Ciudad Celeste. Consiste en mejorar la presi\u00f3n en horas de consumo, como tambi\u00e9n atender el crecimiento de esta zona urban\u00edstica. Esto beneficia a 6.000 familias de la zona norte de Samborond\u00f3n.<\/td><\/tr><tr><td>2017<\/td><td style=\"text-align:center\"><strong>Sistema de bombeo booster Catalu\u00f1a<\/strong><\/td><td>Suministro de instalaci\u00f3n de equipo de bombeo en l\u00ednea, m\u00e1s el suministro e instalaci\u00f3n de tuber\u00eda PVC 315mm, transformador y tablero el\u00e9ctrico. Consiste en mejorar las condiciones de presi\u00f3n en el horario m\u00e1ximo de consumo (entre las 09h00 y 24h00) de 5 PSI a 25 PSI. Esto beneficia a 6.800 familias en urbanizaciones de la parroquia La Aurora \u2013 cant\u00f3n Daule (V\u00eda Salitre).<\/td><\/tr><tr><td>2016<\/td><td style=\"text-align:center\"><strong>Construcci\u00f3n De Red Saneamiento Recinto Barranca Central<\/strong><\/td><td>Trabajos de drenaje pluvial que incluyeron colectores, tirantes y sumideros que sumados a los trabajos realizados por el Municipio de Samborond\u00f3n a nivel de construcci\u00f3n de bordillo- cuneta y reconformaci\u00f3n de calles, complementaron el sistema como tal. Posteriormente, en el \u00faltimo trimestre se iniciaron los trabajos de instalaci\u00f3n de tuber\u00edas, cajas domiciliarias y c\u00e1maras del sistema de alcantarillado.<\/td><\/tr><tr><td>2016<\/td><td style=\"text-align:center\"><strong>Dise\u00f1o Pre Factibilidad PTAP Samborond\u00f3n<\/strong><\/td><td>Dise\u00f1o de Ingenier\u00eda B\u00e1sica para construcci\u00f3n de sistema de potabilizaci\u00f3n para la parroquia La Puntilla cant\u00f3n Samborond\u00f3n, captando agua del rio Daule, con un volumen de producci\u00f3n de 400 lps.<\/td><\/tr><tr><td>2016<\/td><td style=\"text-align:center\"><strong>Acueducto Villa Nueva \u2013 Aquamarina<\/strong><\/td><td>Suministro e instalaci\u00f3n de tuber\u00eda PEAD 500mm para reposici\u00f3n y\/o cambio de tuber\u00eda matriz en el tramo comprendido entre las urbanizaciones Villa Nueva y Aquamarina. Esto beneficia a Zona sur de Samborond\u00f3n.<\/td><\/tr><tr><td>2015<\/td><td style=\"text-align:center\"><strong>Repotenciaci\u00f3n estaci\u00f3n de bombeo booster<\/strong><\/td><td>Aumento de capacidad de estaci\u00f3n de bombeo y ejecuci\u00f3n de obras complementarias para mayor distribuci\u00f3n de caudal. Beneficiando a las familias de Lot. El Cortijo, Ciudad Celeste, Recinto Buijo Hist\u00f3rico, Rcto. San Nicol\u00e1s y Rcto. Barranca Central.<\/td><\/tr><tr><td>2015<\/td><td style=\"text-align:center\"><strong>Drenaje pluvial ciclov\u00eda<\/strong><\/td><td>Suministro e instalaci\u00f3n de tuber\u00eda PVC para recolecci\u00f3n y transporte de aguas lluvias en la via perimetral e ingreso a Lot. El Cortijo (en proceso) y esto beneficia a Lot. El Cortijo, Ciudad Celeste, Recinto Buijo Hist\u00f3rico y Aires del Batan.<\/td><\/tr><tr><td>2014<\/td><td style=\"text-align:center\"><strong>Colector AA.LL. Sector Manglero-De Pratti<\/strong><\/td><td>Suministro e instalaci\u00f3n de colector AA.LL. matriz esto beneficia a Manglero 5.<\/td><\/tr><tr><td>2013<\/td><td style=\"text-align:center\"><strong>Acueducto Norte Fase II<\/strong><\/td><td>Suministro e instalaci\u00f3n de 13Km de tuber\u00eda GRP en di\u00e1metros de 500, 400 y 350mm colocados desde el Puente Pascuales, cant\u00f3n Daule hasta el ingreso a la Isla Mocoli, cant\u00f3n Samborond\u00f3n.<\/td><\/tr><tr><td>2013<\/td><td style=\"text-align:center\"><strong>EDAR Tarifa<\/strong><\/td><td>Obra civil para estaci\u00f3n depuradora de aguas residuales en la parroquia Tarifa, con una capacidad de 1750 m3\/d\u00eda, que beneficiar\u00e1 inicialmente a 5000 personas de este sector.<\/td><\/tr><tr><td>2013<\/td><td style=\"text-align:center\"><strong>EDAR Buijo Hist\u00f3rico<\/strong><\/td><td>Construcci\u00f3n de la planta de tratamiento de aguas residuales con capacidad de 300 m3\/d\u00eda de depuraci\u00f3n.<\/td><\/tr><tr><td>2012<\/td><td style=\"text-align:center\"><strong>Ampliaci\u00f3n EDAR Los Arcos fase III<\/strong><\/td><td>Depuraci\u00f3n de 800 m3\/d\u00eda a 2.400 m3\/d\u00eda.<\/td><\/tr><tr><td>2012<\/td><td style=\"text-align:center\"><strong>Construcci\u00f3n EDAR Rinconada del Lago y redes sanitarias<\/strong><\/td><td>Capacidad de 250 m3\/d\u00eda, 52 familias, eliminando pozos s\u00e9pticos.<\/td><\/tr><tr><td>2011<\/td><td style=\"text-align:center\"><strong>Ampliaci\u00f3n del Acueducto Norte tramo Castelago<\/strong><\/td><td>Ingreso al Cortijo 2 Km de tuber\u00eda de 350 mm.<\/td><\/tr><tr><td>2010<\/td><td style=\"text-align:center\"><strong>Construcci\u00f3n Red de Agua Potable Lotizaci\u00f3n Las Delicias<\/strong><\/td><td>2 km de tuber\u00eda, gu\u00edas y medidores de agua potable.<\/td><\/tr><tr><td>2009<\/td><td style=\"text-align:center\"><strong>Reposici\u00f3n de Tuber\u00edas de Agua Potable en Urbanizaci\u00f3n La Puntilla<\/strong><\/td><td>Reposici\u00f3n PEAD, 700 m beneficiando a 320 familias.<\/td><\/tr><tr><td>2009<\/td><td><strong>Construcci\u00f3n Acueducto Matriz La Aurora-El Cortijo<\/strong><\/td><td>Tuber\u00eda de PVC de 355 mm de di\u00e1metro y 2600 m de longitud.<\/td><\/tr><tr><td>2009<\/td><td style=\"text-align:center\"><strong>Construcci\u00f3n Sistema Agua Lluvias en Recinto Buijo Hist\u00f3rico<\/strong><\/td><td>Implementaci\u00f3n sistema de drenaje pluvial a 200 familias.<\/td><\/tr><tr><td>2008<\/td><td style=\"text-align:center\"><strong>Reposici\u00f3n de Tuber\u00edas de Agua Potable en la Urbanizaci\u00f3n Entre Rios y La Puntilla<\/strong><\/td><td>15.100 metros lineales de red de distribuci\u00f3n incluyendo gu\u00edas, cajetines y accesorios.<\/td><\/tr><tr><td>2008<\/td><td style=\"text-align:center\"><strong>Ampliaci\u00f3n de EDAR Los Arcos: Fase II<\/strong><\/td><td>Instalaci\u00f3n de equipos de mayor capacidad.<\/td><\/tr><tr><td>2008<\/td><td style=\"text-align:center\"><strong>Construcci\u00f3n EDAR La Puntilla<\/strong><\/td><td>Capacidad m\u00e1ximo de tratamiento de 700 m3\/d\u00eda, dando el servicio a 300 familias.<\/td><\/tr><tr><td>2007<\/td><td style=\"text-align:center\"><strong>Redes Agua Potable \u2013 Reciento Buijo Hist\u00f3rico<\/strong><\/td><td>Benefici\u00f3 a 800 habitantes que antes se abastec\u00edan a trav\u00e9s de una pileta comunal.<\/td><\/tr><tr><td>2007<\/td><td style=\"text-align:center\"><strong>Ampliaci\u00f3n Redes Agua Potable-Mil\u00e1n Catalu\u00f1a<\/strong><\/td><td>Tuber\u00eda PVC U\/Z 315 mm, capacidad de 6.000 m3\/d\u00eda.<\/td><\/tr><tr><td>2007<\/td><td style=\"text-align:center\"><strong>Plan Director de Saneamiento para zona Norte de Samborond\u00f3n<\/strong><\/td><td>Factibilidad para integrar urbanizaciones a una planta de tratamiento macro.<\/td><\/tr><tr><td>2006<\/td><td style=\"text-align:center\"><strong>Reposici\u00f3n de redes agua potable en Entre R\u00edos.<\/strong><\/td><td>Tuber\u00eda AA.PP. PVC DN 110mm \u2013 800 ml (calle 6ta. y 7ma. entre Av. Babahoyo y Av. Rio Vinces)<\/td><\/tr><tr><td>2006<\/td><td style=\"text-align:center\"><strong>Construcci\u00f3n EBAR Entre R\u00edos<\/strong><\/td><td>Construcci\u00f3n colector y estaci\u00f3n de bombeo e instalaci\u00f3n de tuber\u00eda de impulsi\u00f3n desde Av. Babahoyo hasta EDAR Entre R\u00edos.<\/td><\/tr><tr><td>2006<\/td><td style=\"text-align:center\"><strong>Construcci\u00f3n EDAR Los Arcos: Fase I<\/strong><\/td><td>Capacidad de tratamiento: 1200 m3\/d\u00eda.<\/td><\/tr><tr><td>2006<\/td><td style=\"text-align:center\"><strong>Interconexi\u00f3n Norte Amagua-Interagua Tramo: v\u00eda La Aurora a v\u00eda Samborond\u00f3n<\/strong><\/td><td>Tuber\u00eda HD DN 400mm \u2013 4,65 Km \u2013 Capacidad Q=12.000 m3\/d\u00eda.<\/td><\/tr><tr><td>2004<\/td><td style=\"text-align:center\"><strong>Construcci\u00f3n EDAR Entre R\u00edos<\/strong><\/td><td>Capacidad de tratamiento: 1400 m3\/d\u00eda.<\/td><\/tr><\/tbody><\/table>\n","protected":false},"excerpt":{"rendered":"<p>A\u00f1o Nombre del Proyecto Descripci\u00f3n 2020 Nuevo acueducto norte Construcci\u00f3n del nuevo Acueducto de AA.PP. desde la prolongaci\u00f3n de la v\u00eda Perimetral hasta la altura del puente Pascuales en coordinaci\u00f3n con la empresa Interagua, para el incremento de caudal, por medio de la instalaci\u00f3n de la tuber\u00eda de 600mm de material PEAD, de longitud 1.6km. [&hellip;]<\/p>\n","protected":false},"author":1,"featured_media":0,"parent":570,"menu_order":0,"comment_status":"closed","ping_status":"closed","template":"","meta":{"ngg_post_thumbnail":0,"footnotes":""},"class_list":["post-2156","page","type-page","status-publish","hentry"],"jetpack_sharing_enabled":true,"_links":{"self":[{"href":"https:\/\/www.amagua.com\/amagua\/index.php?rest_route=\/wp\/v2\/pages\/2156"}],"collection":[{"href":"https:\/\/www.amagua.com\/amagua\/index.php?rest_route=\/wp\/v2\/pages"}],"about":[{"href":"https:\/\/www.amagua.com\/amagua\/index.php?rest_route=\/wp\/v2\/types\/page"}],"author":[{"embeddable":true,"href":"https:\/\/www.amagua.com\/amagua\/index.php?rest_route=\/wp\/v2\/users\/1"}],"replies":[{"embeddable":true,"href":"https:\/\/www.amagua.com\/amagua\/index.php?rest_route=%2Fwp%2Fv2%2Fcomments&post=2156"}],"version-history":[{"count":11,"href":"https:\/\/www.amagua.com\/amagua\/index.php?rest_route=\/wp\/v2\/pages\/2156\/revisions"}],"predecessor-version":[{"id":2167,"href":"https:\/\/www.amagua.com\/amagua\/index.php?rest_route=\/wp\/v2\/pages\/2156\/revisions\/2167"}],"up":[{"embeddable":true,"href":"https:\/\/www.amagua.com\/amagua\/index.php?rest_route=\/wp\/v2\/pages\/570"}],"wp:attachment":[{"href":"https:\/\/www.amagua.com\/amagua\/index.php?rest_route=%2Fwp%2Fv2%2Fmedia&parent=2156"}],"curies":[{"name":"wp","href":"https:\/\/api.w.org\/{rel}","templated":true}]}}