{"id":2254,"date":"2022-03-24T11:35:58","date_gmt":"2022-03-24T16:35:58","guid":{"rendered":"https:\/\/www.amagua.com\/amagua\/?page_id=2254"},"modified":"2024-08-14T09:56:41","modified_gmt":"2024-08-14T14:56:41","slug":"amagua-contigo","status":"publish","type":"page","link":"https:\/\/www.amagua.com\/amagua\/?page_id=2254","title":{"rendered":"Amagua Contigo"},"content":{"rendered":"\n<figure class=\"wp-block-image size-full is-resized\"><a href=\"https:\/\/www.amagua.com\/amagua\/wp-content\/uploads\/2024\/07\/Banner_web.jpeg\"><img decoding=\"async\" src=\"https:\/\/www.amagua.com\/amagua\/wp-content\/uploads\/2024\/07\/Banner_web.jpeg\" alt=\"\" class=\"wp-image-2386\" style=\"width:843px;height:auto\"\/><\/a><\/figure>\n\n\n\n<p style=\"text-align:right\">\n&nbsp; &nbsp; &nbsp; &nbsp; &nbsp; &nbsp; &nbsp; &nbsp; &nbsp; &nbsp; &nbsp; &nbsp; &nbsp;Descargue la Solicitud <a rel=\"noreferrer noopener\" href=\"https:\/\/www.amagua.com\/amagua\/wp-content\/uploads\/2023\/06\/AMAGUA-CONTIGO-SOLICITUD-DE-ADHESION-ACTUALIZADO.pdf\" target=\"_blank\">Aqu\u00ed!<\/a><\/p>\n\n\n\n<p class=\"has-text-align-right\">Descargue el resumen de beneficios <a href=\"https:\/\/www.amagua.com\/amagua\/wp-content\/uploads\/2024\/07\/AMAGUA%20NUEVO%20FORM%20RESUMEN%20BENEFICIOS_ACT.OCT2022.pdf\">Aqu\u00ed!<\/a><\/p>\n\n\n\n<p class=\"has-text-align-right\">Solic\u00edtalo <a target=\"_blank\" href=\"https:\/\/www.amagua.com\/solicitud_amagua\" rel=\"noopener\">Aqu\u00ed!<\/a><\/p>\n\n\n\n<p><\/p>\n","protected":false},"excerpt":{"rendered":"<p>&nbsp; &nbsp; &nbsp; &nbsp; &nbsp; &nbsp; &nbsp; &nbsp; &nbsp; &nbsp; &nbsp; &nbsp; &nbsp;Descargue la Solicitud Aqu\u00ed! Descargue el resumen de beneficios Aqu\u00ed! Solic\u00edtalo Aqu\u00ed!<\/p>\n","protected":false},"author":1,"featured_media":0,"parent":0,"menu_order":0,"comment_status":"closed","ping_status":"closed","template":"","meta":{"ngg_post_thumbnail":0,"footnotes":""},"class_list":["post-2254","page","type-page","status-publish","hentry"],"jetpack_sharing_enabled":true,"_links":{"self":[{"href":"https:\/\/www.amagua.com\/amagua\/index.php?rest_route=\/wp\/v2\/pages\/2254"}],"collection":[{"href":"https:\/\/www.amagua.com\/amagua\/index.php?rest_route=\/wp\/v2\/pages"}],"about":[{"href":"https:\/\/www.amagua.com\/amagua\/index.php?rest_route=\/wp\/v2\/types\/page"}],"author":[{"embeddable":true,"href":"https:\/\/www.amagua.com\/amagua\/index.php?rest_route=\/wp\/v2\/users\/1"}],"replies":[{"embeddable":true,"href":"https:\/\/www.amagua.com\/amagua\/index.php?rest_route=%2Fwp%2Fv2%2Fcomments&post=2254"}],"version-history":[{"count":36,"href":"https:\/\/www.amagua.com\/amagua\/index.php?rest_route=\/wp\/v2\/pages\/2254\/revisions"}],"predecessor-version":[{"id":2780,"href":"https:\/\/www.amagua.com\/amagua\/index.php?rest_route=\/wp\/v2\/pages\/2254\/revisions\/2780"}],"wp:attachment":[{"href":"https:\/\/www.amagua.com\/amagua\/index.php?rest_route=%2Fwp%2Fv2%2Fmedia&parent=2254"}],"curies":[{"name":"wp","href":"https:\/\/api.w.org\/{rel}","templated":true}]}}