{"id":322,"date":"2015-09-03T15:53:56","date_gmt":"2015-09-03T15:53:56","guid":{"rendered":"http:\/\/www.amagua.com\/amagua\/?page_id=322"},"modified":"2024-07-25T10:44:46","modified_gmt":"2024-07-25T15:44:46","slug":"atencion-al-cliente","status":"publish","type":"page","link":"https:\/\/www.amagua.com\/amagua\/?page_id=322","title":{"rendered":"Atenci\u00f3n al Cliente"},"content":{"rendered":"<div class=\"clien\">\n<div class=\"amk\">\n<h3>Ubicaci\u00f3n:<\/h3>\n<p>Ave. Samborondon Este #10400<br \/>\n(Junto al Benem\u00e9rito Cuerpo de Bomberos),<br \/>\nSamborond\u00f3n<a href=\"mailto:clientes@amagua-cem.com\">clientes@amagua-cem.com<\/a><\/p>\n<h3>Horarios y d\u00edas de atenci\u00f3n:<\/h3>\n<ul>\n<li style=\"list-style-type: none;\">\n<ul>\n<li>Call Center Atenci\u00f3n 24\/7 desde cualquier operadora al 102<\/li>\n<li>Atenci\u00f3n en oficinas<\/li>\n<\/ul>\n<\/li>\n<\/ul>\n<p>Lunes a Viernes: 8:00AM &#8211; 17:00PM<br \/>\nS\u00e1bados: 9:00AM &#8211; 13:00PM<\/p>\n<\/div>\n<div class=\"amk\"><img loading=\"lazy\" decoding=\"async\" class=\"\" src=\"https:\/\/www.amagua.com\/amagua\/wp-content\/uploads\/2023\/07\/hablador_web2023.jpg\" alt=\"\" width=\"417\" height=\"477\"><\/div>\n<\/div>\n","protected":false},"excerpt":{"rendered":"<p>Ubicaci\u00f3n: Ave. Samborondon Este #10400 (Junto al Benem\u00e9rito Cuerpo de Bomberos), Samborond\u00f3nclientes@amagua-cem.com Horarios y d\u00edas de atenci\u00f3n: Call Center Atenci\u00f3n 24\/7 desde cualquier operadora al 102 Atenci\u00f3n en oficinas Lunes a Viernes: 8:00AM &#8211; 17:00PM S\u00e1bados: 9:00AM &#8211; 13:00PM<\/p>\n","protected":false},"author":2,"featured_media":282,"parent":658,"menu_order":0,"comment_status":"closed","ping_status":"closed","template":"","meta":{"ngg_post_thumbnail":0,"footnotes":""},"class_list":["post-322","page","type-page","status-publish","has-post-thumbnail","hentry"],"jetpack_sharing_enabled":true,"_links":{"self":[{"href":"https:\/\/www.amagua.com\/amagua\/index.php?rest_route=\/wp\/v2\/pages\/322"}],"collection":[{"href":"https:\/\/www.amagua.com\/amagua\/index.php?rest_route=\/wp\/v2\/pages"}],"about":[{"href":"https:\/\/www.amagua.com\/amagua\/index.php?rest_route=\/wp\/v2\/types\/page"}],"author":[{"embeddable":true,"href":"https:\/\/www.amagua.com\/amagua\/index.php?rest_route=\/wp\/v2\/users\/2"}],"replies":[{"embeddable":true,"href":"https:\/\/www.amagua.com\/amagua\/index.php?rest_route=%2Fwp%2Fv2%2Fcomments&post=322"}],"version-history":[{"count":25,"href":"https:\/\/www.amagua.com\/amagua\/index.php?rest_route=\/wp\/v2\/pages\/322\/revisions"}],"predecessor-version":[{"id":2736,"href":"https:\/\/www.amagua.com\/amagua\/index.php?rest_route=\/wp\/v2\/pages\/322\/revisions\/2736"}],"up":[{"embeddable":true,"href":"https:\/\/www.amagua.com\/amagua\/index.php?rest_route=\/wp\/v2\/pages\/658"}],"wp:featuredmedia":[{"embeddable":true,"href":"https:\/\/www.amagua.com\/amagua\/index.php?rest_route=\/wp\/v2\/media\/282"}],"wp:attachment":[{"href":"https:\/\/www.amagua.com\/amagua\/index.php?rest_route=%2Fwp%2Fv2%2Fmedia&parent=322"}],"curies":[{"name":"wp","href":"https:\/\/api.w.org\/{rel}","templated":true}]}}