{"id":339,"date":"2015-09-03T16:25:11","date_gmt":"2015-09-03T16:25:11","guid":{"rendered":"http:\/\/www.amagua.com\/amagua\/?page_id=339"},"modified":"2024-08-02T16:37:35","modified_gmt":"2024-08-02T21:37:35","slug":"nuestra-casa-matriz","status":"publish","type":"page","link":"https:\/\/www.amagua.com\/amagua\/?page_id=339","title":{"rendered":"Nuestra Casa Matriz"},"content":{"rendered":"<p><!-- HTML --><a href=\"https:\/\/www.amagua.com\/amagua\/wp-content\/uploads\/2019\/02\/maintenance.png\"><img loading=\"lazy\" decoding=\"async\" class=\"wp-image-1551 aligncenter\" src=\"https:\/\/www.amagua.com\/amagua\/wp-content\/uploads\/2019\/02\/maintenance.png\" alt=\"maintenance\" width=\"500\" height=\"333\" srcset=\"https:\/\/www.amagua.com\/amagua\/wp-content\/uploads\/2019\/02\/maintenance.png 960w, https:\/\/www.amagua.com\/amagua\/wp-content\/uploads\/2019\/02\/maintenance-300x200.png 300w\" sizes=\"(max-width: 500px) 100vw, 500px\" \/><\/a><\/p>\n<p><!--Inassa es la cabecera de expansi\u00f3n de Canal de Isabel II Gesti\u00f3n en Am\u00e9rica Latina, con amplia trayectoria en la gesti\u00f3n del ciclo integral del agua.\n\n\n<p style=\"text-align: center;\"><a href=\"https:\/\/www.amagua.com\/amagua\/wp-content\/uploads\/2019\/07\/INASSA.png\"><img loading=\"lazy\" decoding=\"async\" class=\"alignnone size-full wp-image-1616\" src=\"https:\/\/www.amagua.com\/amagua\/wp-content\/uploads\/2019\/07\/INASSA.png\" alt=\"INASSA\" width=\"196\" height=\"92\"><\/a><\/p>\n\n\nLas empresas del Grupo Inassa tienen como actividad principal la gesti\u00f3n del ciclo integral del agua y el fortalecimiento de los procesos comerciales, con la aplicaci\u00f3n continua de nuevos desarrollos, avances tecnol\u00f3gicos y conocimiento, adecu\u00e1ndose a las necesidades de las sociedades en las que participa para ofrecer su mejor servicio a m\u00e1s de 24 millones de personas diariamente en Latinoam\u00e9rica.\n\nEl Grupo Inassa ha centrado sus esfuerzos y recursos en la consolidaci\u00f3n de sus empresas y de las distintas unidades estrat\u00e9gicas de negocio. Hoy, tras m\u00e1s de 10 a\u00f1os de trayectoria empresarial, es considerado un referente internacional con presencia en ocho pa\u00edses: Colombia, Ecuador, Rep\u00fablica Dominicana, Panam\u00e1, Brasil, M\u00e9xico, Venezuela y Hait\u00ed.\n\n\n<p style=\"text-align: left;\"><b>Canal de Isabel II Gesti\u00f3n<\/b> acumula m\u00e1s de siglo y medio de experiencia en la gesti\u00f3n del ciclo integral del agua en la Comunidad de Madrid, y en su accionariado participan el Gobierno y los Ayuntamientos de la regi\u00f3n.<\/p>\n\n\n\n\n<p style=\"text-align: center;\"><a href=\"https:\/\/www.amagua.com\/amagua\/wp-content\/uploads\/2019\/07\/canal.png\"><img loading=\"lazy\" decoding=\"async\" class=\"alignnone size-full wp-image-1619\" src=\"https:\/\/www.amagua.com\/amagua\/wp-content\/uploads\/2019\/07\/canal.png\" alt=\"canal\" width=\"196\" height=\"92\"><\/a><\/p>\n\n\nLos principios y fundamentos que dieron origen a Canal de Isabel II (creada en 1851, siendo reina de Espa\u00f1a Isabel II) permanecen vigentes, constituyendo la misi\u00f3n de la empresa a d\u00eda de hoy garantizar a todos sus clientes el suministro de agua presente y futuro, en cantidad y en calidad, con la vocaci\u00f3n de satisfacer sus expectativas, contribuyendo activamente a la protecci\u00f3n y mejora del Medio Ambiente, en beneficio de toda la sociedad.\n\nLa experiencia acumulada, la incorporaci\u00f3n de la tecnolog\u00eda m\u00e1s moderna a sus procesos productivos, de control y de gesti\u00f3n, as\u00ed como sus profesionales altamente cualificados y eficientes, han convertido a Canal de Isabel II Gesti\u00f3n en empresa l\u00edder en su sector a escala internacional.\n\nEl Grupo Canal, a trav\u00e9s de las 33 sociedades que lo conforman, aporta valor en el sector del agua en \u00e1mbitos geogr\u00e1ficos diferentes, mediante la realizaci\u00f3n de una gesti\u00f3n sostenible del agua como recurso limitado, optimizando su uso para abastecimiento y compatibiliz\u00e1ndolo siempre con otros intereses sociales, econ\u00f3micos y medioambientales.\n\n<a href=\"http:\/\/www.canalgestion.es\/es\/\" target=\"_blank\" rel=\"noopener\">www.canalgestion.es<\/a>\n\n&nbsp;\n\n\n<p style=\"text-align: center;\">GRUPO CANAL<\/p>\n\n\n<img loading=\"lazy\" decoding=\"async\" src=\"https:\/\/www.amagua.com\/amagua\/wp-content\/uploads\/2015\/09\/grupogeneral.jpg\" alt=\"Mapa_grupo_canal\" width=\"827\" height=\"566\">\n\n&nbsp;\n\n\n<table style=\"margin-left: auto; margin-right: auto; border: 0px solid #000000;\" border=\"0\" frame=\"void\" rules=\"none\">\n\n\n<tbody>\n\n\n<tr>\n\n\n<td><a href=\"https:\/\/www.canaldeisabelsegunda.es\/proyecto-com%C3%BAn-de-fusi%C3%B3n-por-absorci%C3%B3n-de-hidr%C3%A1ulica-santillana\" target=\"_blank\" rel=\"noopener\">HIDR\u00c1ULICA SANTILLANA<\/a><\/td>\n\n\n\n\n<td><a href=\"http:\/\/www.canalgestionlanzarote.es\/inicio\/transparencia-2\/\" target=\"_blank\" rel=\"noopener\">CANAL GESTI\u00d3N LANZAROTE, S.A.U.<\/a><\/td>\n\n\n\n\n<td><a href=\"https:\/\/www.canaldeisabelsegunda.es\/hispanagua\" target=\"_blank\" rel=\"noopener\">HISPANAGUA, S.A.U.<\/a><\/td>\n\n\n\n\n<td><a href=\"https:\/\/www.canaldeisabelsegunda.es\/canal-de-comunicaciones-unidas\" target=\"_blank\" rel=\"noopener\">CANAL DE COMUNICACIONES UNIDAS, S.A.U.<\/a><\/td>\n\n\n<\/tr>\n\n\n\n\n<tr>\n\n\n<td><a href=\"http:\/\/www.ocioydeportecanal.es\/\" target=\"_blank\" rel=\"noopener\">OCIO Y DEPORTE CANAL, S.L.U.<\/a><\/td>\n\n\n\n\n<td><a href=\"https:\/\/www.canaldeisabelsegunda.es\/canal-extensia\" target=\"_blank\" rel=\"noopener\">CANAL EXTENSIA<\/a><\/td>\n\n\n\n\n<td><a href=\"https:\/\/www.canaldeisabelsegunda.es\/triple-asaesp\" target=\"_blank\" rel=\"noopener\">TRIPLE A S.A. E.S.P.<\/a><\/td>\n\n\n\n\n<td><a href=\"https:\/\/www.canaldeisabelsegunda.es\/amagua-cem\" target=\"_blank\" rel=\"noopener\">AMAGUA<\/a><\/td>\n\n\n<\/tr>\n\n\n\n\n<tr>\n\n\n<td><a href=\"https:\/\/www.canaldeisabelsegunda.es\/aaa-dominicana\" target=\"_blank\" rel=\"noopener\">AAA DOMINICANA<\/a><\/td>\n\n\n\n\n<td><a href=\"https:\/\/www.canaldeisabelsegunda.es\/amerika-tecnologias-de-la-informacion\" target=\"_blank\" rel=\"noopener\">AM\u00c9RIKA T.I.<\/a><\/td>\n\n\n\n\n<td><a href=\"https:\/\/www.canaldeisabelsegunda.es\/emissao\" target=\"_blank\" rel=\"noopener\">EMISS\u00c3O<\/a><\/td>\n\n\n\n\n<td>&nbsp;<a class=\"text-blue text-title animation\" href=\"https:\/\/www.canaldeisabelsegunda.es\/inassa\">INASSA<\/a><\/td>\n\n\n<\/tr>\n\n\n\n\n<tr>\n\n\n<td><a href=\"https:\/\/www.canaldeisabelsegunda.es\/gestus\" target=\"_blank\" rel=\"noopener\">GESTUS<\/a><\/td>\n\n\n\n\n<td><a class=\"text-blue text-title animation\" href=\"https:\/\/www.canaldeisabelsegunda.es\/asaa\">ASAA RIOHACHA<\/a><\/td>\n\n\n<\/tr>\n\n\n<\/tbody>\n\n\n<\/table>\n\n\n&nbsp;\n\nSi desea mayor informaci\u00f3n acerca de nuestra casa matriz visitenos: <a href=\"http:\/\/www.grupoinassa.com\">www.grupoinassa.com<\/a>\n\n--><\/p>\n","protected":false},"excerpt":{"rendered":"","protected":false},"author":2,"featured_media":0,"parent":384,"menu_order":0,"comment_status":"closed","ping_status":"closed","template":"","meta":{"ngg_post_thumbnail":0,"footnotes":""},"class_list":["post-339","page","type-page","status-publish","hentry"],"jetpack_sharing_enabled":true,"_links":{"self":[{"href":"https:\/\/www.amagua.com\/amagua\/index.php?rest_route=\/wp\/v2\/pages\/339"}],"collection":[{"href":"https:\/\/www.amagua.com\/amagua\/index.php?rest_route=\/wp\/v2\/pages"}],"about":[{"href":"https:\/\/www.amagua.com\/amagua\/index.php?rest_route=\/wp\/v2\/types\/page"}],"author":[{"embeddable":true,"href":"https:\/\/www.amagua.com\/amagua\/index.php?rest_route=\/wp\/v2\/users\/2"}],"replies":[{"embeddable":true,"href":"https:\/\/www.amagua.com\/amagua\/index.php?rest_route=%2Fwp%2Fv2%2Fcomments&post=339"}],"version-history":[{"count":15,"href":"https:\/\/www.amagua.com\/amagua\/index.php?rest_route=\/wp\/v2\/pages\/339\/revisions"}],"predecessor-version":[{"id":2756,"href":"https:\/\/www.amagua.com\/amagua\/index.php?rest_route=\/wp\/v2\/pages\/339\/revisions\/2756"}],"up":[{"embeddable":true,"href":"https:\/\/www.amagua.com\/amagua\/index.php?rest_route=\/wp\/v2\/pages\/384"}],"wp:attachment":[{"href":"https:\/\/www.amagua.com\/amagua\/index.php?rest_route=%2Fwp%2Fv2%2Fmedia&parent=339"}],"curies":[{"name":"wp","href":"https:\/\/api.w.org\/{rel}","templated":true}]}}