{"id":357,"date":"2015-09-03T20:53:03","date_gmt":"2015-09-03T20:53:03","guid":{"rendered":"http:\/\/www.amagua.com\/amagua\/?page_id=357"},"modified":"2025-08-19T09:56:29","modified_gmt":"2025-08-19T14:56:29","slug":"quienes-somos","status":"publish","type":"page","link":"https:\/\/www.amagua.com\/amagua\/?page_id=357","title":{"rendered":"Qui\u00e9nes Somos"},"content":{"rendered":"<div class=\"body\">\n<div class=\"container\">\n<div class=\"row-fluid\">\n<div id=\"content\" class=\"span9\">\n<div class=\"item-page\">\n<p>Aguas de Samborond\u00f3n Amagua C.E.M., compa\u00f1\u00eda de econom\u00eda mixta, presta los servicios de agua potable y alcantarillado en la Parroquia La Puntilla en el Cant\u00f3n Samborond\u00f3n y en la Parroquia La Aurora en el Cant\u00f3n Daule.<\/p>\n<p>Para el servicio de agua potable, International Water Services (Guayaquil) Interagua C\u00eda. Ltda. y GAD Municipalidad de Daule, son los proveedores de agua en bloque. Como gestiones complementarias al servicio, &nbsp;Amagua C.E.M. realiza mantenimiento de la red, asesor\u00eda y asistencia de dise\u00f1o, construcci\u00f3n y conservaci\u00f3n de las instalaciones intradomiciliarias y medios de acci\u00f3n preventiva para el desarrollo y aprovechamiento del servicio.<\/p>\n<p>El servicio de alcantarillado sanitario, de acuerdo a la infraestructura de la zona, implica el tratamiento de aguas servidas, limpieza de pozos s\u00e9pticos y control continuo de los procesos biol\u00f3gicos de la operaci\u00f3n de las plantas de tratamiento de aguas servidas; siendo cada vez m\u00e1s la poblaci\u00f3n que accede a este servicio.<\/p>\n<p><img decoding=\"async\" class=\"aligncenter\" src=\"http:\/\/www.amagua.com\/amagua\/wp-content\/uploads\/2015\/09\/conformacion_capital_social.jpg\" alt=\"\"><\/p>\n<\/div>\n<\/div>\n<\/div>\n<\/div>\n<\/div>\n<div class=\"footer\">&nbsp;<\/div>\n","protected":false},"excerpt":{"rendered":"<p>Aguas de Samborond\u00f3n Amagua C.E.M., compa\u00f1\u00eda de econom\u00eda mixta, presta los servicios de agua potable y alcantarillado en la Parroquia La Puntilla en el Cant\u00f3n Samborond\u00f3n y en la Parroquia La Aurora en el Cant\u00f3n Daule. Para el servicio de agua potable, International Water Services (Guayaquil) Interagua C\u00eda. Ltda. y GAD Municipalidad de Daule, son [&hellip;]<\/p>\n","protected":false},"author":2,"featured_media":0,"parent":384,"menu_order":0,"comment_status":"closed","ping_status":"closed","template":"","meta":{"ngg_post_thumbnail":0,"footnotes":""},"class_list":["post-357","page","type-page","status-publish","hentry"],"jetpack_sharing_enabled":true,"_links":{"self":[{"href":"https:\/\/www.amagua.com\/amagua\/index.php?rest_route=\/wp\/v2\/pages\/357"}],"collection":[{"href":"https:\/\/www.amagua.com\/amagua\/index.php?rest_route=\/wp\/v2\/pages"}],"about":[{"href":"https:\/\/www.amagua.com\/amagua\/index.php?rest_route=\/wp\/v2\/types\/page"}],"author":[{"embeddable":true,"href":"https:\/\/www.amagua.com\/amagua\/index.php?rest_route=\/wp\/v2\/users\/2"}],"replies":[{"embeddable":true,"href":"https:\/\/www.amagua.com\/amagua\/index.php?rest_route=%2Fwp%2Fv2%2Fcomments&post=357"}],"version-history":[{"count":6,"href":"https:\/\/www.amagua.com\/amagua\/index.php?rest_route=\/wp\/v2\/pages\/357\/revisions"}],"predecessor-version":[{"id":2848,"href":"https:\/\/www.amagua.com\/amagua\/index.php?rest_route=\/wp\/v2\/pages\/357\/revisions\/2848"}],"up":[{"embeddable":true,"href":"https:\/\/www.amagua.com\/amagua\/index.php?rest_route=\/wp\/v2\/pages\/384"}],"wp:attachment":[{"href":"https:\/\/www.amagua.com\/amagua\/index.php?rest_route=%2Fwp%2Fv2%2Fmedia&parent=357"}],"curies":[{"name":"wp","href":"https:\/\/api.w.org\/{rel}","templated":true}]}}