{"id":365,"date":"2015-09-03T21:06:54","date_gmt":"2015-09-03T21:06:54","guid":{"rendered":"http:\/\/www.amagua.com\/amagua\/?page_id=365"},"modified":"2021-06-16T16:39:53","modified_gmt":"2021-06-16T21:39:53","slug":"resena-historica","status":"publish","type":"page","link":"https:\/\/www.amagua.com\/amagua\/?page_id=365","title":{"rendered":"Rese\u00f1a Historica"},"content":{"rendered":"<p>Amagua y la Municipalidad de Samborond\u00f3n, firman un adendum, al convenio principal donde se ratifica la delegaci\u00f3n exclusiva hasta el 2051.<\/p>\n<table>\n<tbody>\n<tr>\n<th>\n<h2>Julio 1994<\/h2>\n<\/th>\n<th>\n<h2>Agosto 1994<\/h2>\n<\/th>\n<\/tr>\n<tr>\n<td>Los servicios p\u00fablicos de agua potable y alcantarillado en Samborond\u00f3n eran prestados por la Empresa Provincial de Agua Potable Guayas (EPAP-G).<\/td>\n<td>Se crea la Empresa Cantonal de Agua Potable y Alcantarillado (ECAPAG) limitando las actividades en forma exclusiva al Cant\u00f3n Guayaquil. Cada Municipalidad se hace responsable del servicio en sus Cantones.<\/td>\n<\/tr>\n<tr>\n<th>\n<h2>Diciembre 1998<\/h2>\n<\/th>\n<th>\n<h2>Marzo 1998<\/h2>\n<\/th>\n<\/tr>\n<tr>\n<td>ECAPAG hace entrega de las infraestructuras a Samborond\u00f3n.<br \/>\nSe inician estudios y an\u00e1lisis t\u00e9cnicos, de procedimientos legales, para la conformaci\u00f3n de una compa\u00f1\u00eda de econom\u00eda mixta.<\/td>\n<td>El Concejo Cantonal de Samborond\u00f3n autoriza a la Municipalidad suscribir la escritura de constituci\u00f3n de \u201cAguas de Samborond\u00f3n Amagua C.E.M\u201d para la prestaci\u00f3n de los servicios de agua potable y alcantarillado para la zona de desarrollo Urbano del Cant\u00f3n por 50 a\u00f1os.<\/td>\n<\/tr>\n<tr>\n<th>\n<h2>Junio 1998<\/h2>\n<\/th>\n<th>\n<h2>Marzo 2000<\/h2>\n<\/th>\n<\/tr>\n<tr>\n<td>Amagua C.E.M. da inicio a sus actividades para la prestaci\u00f3n de los servicios de agua potable y alcantarillado para la zona de desarrollo urbano del cant\u00f3n Samborond\u00f3n.<\/td>\n<td>Se publica la Ordenanza Municipal , en el Registro Oficina No. 32; donde el Concejo Cantonal autoriza a Amagua C.E.M. para la gesti\u00f3n, administraci\u00f3n, provisi\u00f3n y ampliaci\u00f3n de los sistemas de agua potable y alcantarillado, contribuci\u00f3n especial de mejoras y su estructura tarifaria; detallando de esta manera su regulaci\u00f3n.<\/td>\n<\/tr>\n<tr>\n<th>\n<h2>Agosto 2000<\/h2>\n<\/th>\n<th>\n<h2>Noviembre 2005<\/h2>\n<\/th>\n<\/tr>\n<tr>\n<td>Amagua, firma un convenio con el Municipio de Daule para prestar el servicio de agua potable y a futuro el alcantarillado, por un periodo de 15 a\u00f1os, en el sector de desarrollo urbano de la Parroquia Satelital La Aurora.<\/td>\n<td>Convenio de Amagua con Interagua, para interconexi\u00f3n troncal norte en el sector de Pascuales, actualizar la regulaci\u00f3n de la compra \u2013 venta de agua en bloque y formalizar los requisitos de calidad de acuerdo a la normativa.<\/td>\n<\/tr>\n<tr>\n<th>\n<h2>Septiembre 2006<\/h2>\n<\/th>\n<th>\n<h2>Mayo 2007<\/h2>\n<\/th>\n<\/tr>\n<tr>\n<td>Se concluye la obra de interconexi\u00f3n norte, ampliando el acueducto principal y teniendo la factibilidad de dar el servicio para toda la parroquia La Aurora en el cant\u00f3n de Daule.<\/td>\n<td>Otorgaci\u00f3n de la renovaci\u00f3n y ampliaci\u00f3n de la certificaci\u00f3n del SGC por parte de ICONTEC; No. SC 2166-1 v\u00e1lido hasta el Octubre 2007.<\/td>\n<\/tr>\n<tr>\n<th>\n<h2>Julio 2007<\/h2>\n<\/th>\n<th>\n<h2>Abril 2009<\/h2>\n<\/th>\n<\/tr>\n<tr>\n<td>Inauguraci\u00f3n de nuevas oficinas propias en el km 10 v\u00eda a Samborond\u00f3n.<\/td>\n<td>Se obtiene la recertificaci\u00f3n del SGC por parte de ICONTEC, para la norma ISO 9001: 2008.<\/td>\n<\/tr>\n<tr>\n<th>\n<h2>Julio 2009<\/h2>\n<\/th>\n<th>\n<h2>Agosto 2009<\/h2>\n<\/th>\n<\/tr>\n<tr>\n<td>Amagua y la Municipalidad de Daule firman un adendum al convenio principal donde se otorga la delegaci\u00f3n exclusiva de los servicios de agua potable y alcantarillado.<\/td>\n<td>Se publica la Ordenanza Municipal de Daule, en el Registro oficial No. 4 que regula la prestaci\u00f3n de los servicios p\u00fablicos de agua potable y alcantarillado.<\/td>\n<\/tr>\n<tr>\n<th>\n<h2>Septiembre 2009<\/h2>\n<\/th>\n<th>\n<h2>Diciembre 2009<\/h2>\n<\/th>\n<\/tr>\n<tr>\n<td>Amagua pasa satisfactoriamente la auditor\u00eda gubernamental aplicada a todas las empresas de agua potable de que no son gestionadas por el gobierno; ratificando la operaci\u00f3n en el pa\u00eds.<\/td>\n<td>Amagua y la Municipalidad de Samborond\u00f3n, firman un adendum, al convenio principal donde se ratifica la delegaci\u00f3n exclusiva hasta el 2051.<\/td>\n<\/tr>\n<tr>\n<th>\n<h2>Junio 2010<\/h2>\n<\/th>\n<th>\n<h2>Mayo 2011<\/h2>\n<\/th>\n<\/tr>\n<tr>\n<td>Se publica la actualizaci\u00f3n de la Ordenanza Municipal de Samborond\u00f3n, en el Registro Oficial No.47 que regula la prestaci\u00f3n de los servicios p\u00fablicos de agua potable y alcantarillado.<\/td>\n<td>Se firma un Fidecomiso entre Amagua y promotores de los cantones Samborond\u00f3n y Daule para la financiaci\u00f3n de la ampliaci\u00f3n del acueducto norte.<\/td>\n<\/tr>\n<tr>\n<th>\n<h2>Octubre 2011<\/h2>\n<\/th>\n<th>\n<h2>Agosto 2012<\/h2>\n<\/th>\n<\/tr>\n<tr>\n<td>Se inicia la ampliaci\u00f3n del acueducto norte para duplicar la capacidad de abastecimiento para Daule y Samborond\u00f3n.<\/td>\n<td>Ad\u00e9ndum complementario al convenio sobre la delegaci\u00f3n donde se trata la construcci\u00f3n de una ETAP que abastezca a ambos municipios, con la posibilidad de ampliar el plazo de delegaci\u00f3n supeditado a la nueva ETAP.<\/td>\n<\/tr>\n<tr>\n<th>\n<h2>Junio 2013<\/h2>\n<\/th>\n<th>\n<h2>Mayo 2015<\/h2>\n<\/th>\n<\/tr>\n<tr>\n<td>Se culmina la obra de ampliaci\u00f3n del acueducto norte, mejorando los niveles de presi\u00f3n y abastecimiento a los proyectos en la v\u00eda Salitre, y las urbanizaciones en la v\u00eda La Puntilla (Laguna del Sol hasta Isla Mocoli).<\/td>\n<td>Se culmina la construcci\u00f3n de ampliaci\u00f3n de las oficinas de Amagua asegurando espacio f\u00edsico adecuado para personal actual y futuro.<\/td>\n<\/tr>\n<tr>\n<th>\n<h2>2015<\/h2>\n<\/th>\n<th>\n<h2>Agosto 2016<\/h2>\n<\/th>\n<\/tr>\n<tr>\n<td>Obtenci\u00f3n del licenciamiento ambiental de 50 EDARES cumpliendo con los requisitos de la normativa ambiental vigente. Implementaci\u00f3n de la facturaci\u00f3n electr\u00f3nica. Instalaci\u00f3n de drenaje pluvial para ciclov\u00eda de acceso a Ciudad Celeste.<\/td>\n<td>Convenio de cooperaci\u00f3n interinstitucional con EMAPAS SAMBOROND\u00d3N para la dotaci\u00f3n del servicio de agua potable en los sectores de Santa Martha, Bellavista, San Lorenzo y El Rosario.<\/td>\n<\/tr>\n<tr>\n<th>\n<h2>2017<\/h2>\n<\/th>\n<th>\n<h2>2018<\/h2>\n<\/th>\n<\/tr>\n<tr>\n<td>Recertificaci\u00f3n del SGC de Amagua bajo los est\u00e1ndares ISO 9001:2015. Pago en l\u00ednea con Banco Pacifico. Adquisici\u00f3n de Telefon\u00eda IP. Ampliaci\u00f3n de di\u00e1metro de tuber\u00eda de AAPP en v\u00eda El Cortijo-Ciudad Celeste.<\/td>\n<td>Construcci\u00f3n de drenaje pluvial en v\u00eda de acceso a Ciudad Celeste. Pago en l\u00ednea con Banco Bolivariano y Machala.<br \/>\nAdquisici\u00f3n de infraestructura para alta disponibilidad de servidores.<\/td>\n<\/tr>\n<tr>\n<th>\n<h2>Marzo 2019<\/h2>\n<\/th>\n<th>\n<h2>Febrero 2020<\/h2>\n<\/th>\n<\/tr>\n<tr>\n<td>Ad\u00e9ndum al contrato de compra de agua en bloque con Interagua, en donde se ampliar\u00e1 la compra de un mayor caudal de agua. Este convenio contempla tambi\u00e9n, la instalaci\u00f3n de un nuevo acueducto ubicado paralelamente al actual, en la zona norte que conecta Guayaquil con Daule, y permitir\u00e1 abastecer hasta 20.000 m3\/d\u00eda adicionales.<\/td>\n<td>Tercer Ad\u00e9ndum al contrato de Delegaci\u00f3n con el Municipio de Daule, para la ampliaci\u00f3n del periodo de operaci\u00f3n de agua potable y alcantarillado en La Aurora, Daule.<\/td>\n<\/tr>\n<\/tbody>\n<\/table>\n","protected":false},"excerpt":{"rendered":"<p>Amagua y la Municipalidad de Samborond\u00f3n, firman un adendum, al convenio principal donde se ratifica la delegaci\u00f3n exclusiva hasta el 2051. Julio 1994 Agosto 1994 Los servicios p\u00fablicos de agua potable y alcantarillado en Samborond\u00f3n eran prestados por la Empresa Provincial de Agua Potable Guayas (EPAP-G). Se crea la Empresa Cantonal de Agua Potable y [&hellip;]<\/p>\n","protected":false},"author":2,"featured_media":0,"parent":384,"menu_order":0,"comment_status":"closed","ping_status":"closed","template":"","meta":{"ngg_post_thumbnail":0,"footnotes":""},"class_list":["post-365","page","type-page","status-publish","hentry"],"jetpack_sharing_enabled":true,"_links":{"self":[{"href":"https:\/\/www.amagua.com\/amagua\/index.php?rest_route=\/wp\/v2\/pages\/365"}],"collection":[{"href":"https:\/\/www.amagua.com\/amagua\/index.php?rest_route=\/wp\/v2\/pages"}],"about":[{"href":"https:\/\/www.amagua.com\/amagua\/index.php?rest_route=\/wp\/v2\/types\/page"}],"author":[{"embeddable":true,"href":"https:\/\/www.amagua.com\/amagua\/index.php?rest_route=\/wp\/v2\/users\/2"}],"replies":[{"embeddable":true,"href":"https:\/\/www.amagua.com\/amagua\/index.php?rest_route=%2Fwp%2Fv2%2Fcomments&post=365"}],"version-history":[{"count":6,"href":"https:\/\/www.amagua.com\/amagua\/index.php?rest_route=\/wp\/v2\/pages\/365\/revisions"}],"predecessor-version":[{"id":2112,"href":"https:\/\/www.amagua.com\/amagua\/index.php?rest_route=\/wp\/v2\/pages\/365\/revisions\/2112"}],"up":[{"embeddable":true,"href":"https:\/\/www.amagua.com\/amagua\/index.php?rest_route=\/wp\/v2\/pages\/384"}],"wp:attachment":[{"href":"https:\/\/www.amagua.com\/amagua\/index.php?rest_route=%2Fwp%2Fv2%2Fmedia&parent=365"}],"curies":[{"name":"wp","href":"https:\/\/api.w.org\/{rel}","templated":true}]}}