{"id":393,"date":"2015-09-03T21:17:28","date_gmt":"2015-09-03T21:17:28","guid":{"rendered":"http:\/\/www.amagua.com\/amagua\/?page_id=393"},"modified":"2020-10-30T15:17:16","modified_gmt":"2020-10-30T20:17:16","slug":"mision-vision-y-valores","status":"publish","type":"page","link":"https:\/\/www.amagua.com\/amagua\/?page_id=393","title":{"rendered":"Misi\u00f3n, Visi\u00f3n y Valores"},"content":{"rendered":"<h2>Misi\u00f3n<\/h2>\n<p><span lang=\"ES\">Estamos comprometidos a generar bienestar a nuestra comunidad, ofreciendo un servicio de agua potable y alcantarillado eficiente, de calidad y en armon\u00eda con el medio ambiente.<\/span><\/p>\n<h2>Visi\u00f3n al 2030<\/h2>\n<div>Ser reconocidos en Ecuador como una empresa l\u00edder en la gesti\u00f3n integral del agua, a trav\u00e9s de un servicio de calidad, sostenible con el medio ambiente que impulsa la excelencia, innovaci\u00f3n y talento de nuestros profesionales.<\/div>\n<div>&nbsp;<\/div>\n<h2>Valores<\/h2>\n<p><img decoding=\"async\" src=\"http:\/\/www.amagua.com\/amagua\/wp-content\/uploads\/2015\/09\/valores.jpg\" alt=\"\"><\/p>\n","protected":false},"excerpt":{"rendered":"<p>Misi\u00f3n Estamos comprometidos a generar bienestar a nuestra comunidad, ofreciendo un servicio de agua potable y alcantarillado eficiente, de calidad y en armon\u00eda con el medio ambiente. Visi\u00f3n al 2030 Ser reconocidos en Ecuador como una empresa l\u00edder en la gesti\u00f3n integral del agua, a trav\u00e9s de un servicio de calidad, sostenible con el medio [&hellip;]<\/p>\n","protected":false},"author":2,"featured_media":0,"parent":384,"menu_order":0,"comment_status":"closed","ping_status":"closed","template":"","meta":{"ngg_post_thumbnail":0,"footnotes":""},"class_list":["post-393","page","type-page","status-publish","hentry"],"jetpack_sharing_enabled":true,"_links":{"self":[{"href":"https:\/\/www.amagua.com\/amagua\/index.php?rest_route=\/wp\/v2\/pages\/393"}],"collection":[{"href":"https:\/\/www.amagua.com\/amagua\/index.php?rest_route=\/wp\/v2\/pages"}],"about":[{"href":"https:\/\/www.amagua.com\/amagua\/index.php?rest_route=\/wp\/v2\/types\/page"}],"author":[{"embeddable":true,"href":"https:\/\/www.amagua.com\/amagua\/index.php?rest_route=\/wp\/v2\/users\/2"}],"replies":[{"embeddable":true,"href":"https:\/\/www.amagua.com\/amagua\/index.php?rest_route=%2Fwp%2Fv2%2Fcomments&post=393"}],"version-history":[{"count":3,"href":"https:\/\/www.amagua.com\/amagua\/index.php?rest_route=\/wp\/v2\/pages\/393\/revisions"}],"predecessor-version":[{"id":1954,"href":"https:\/\/www.amagua.com\/amagua\/index.php?rest_route=\/wp\/v2\/pages\/393\/revisions\/1954"}],"up":[{"embeddable":true,"href":"https:\/\/www.amagua.com\/amagua\/index.php?rest_route=\/wp\/v2\/pages\/384"}],"wp:attachment":[{"href":"https:\/\/www.amagua.com\/amagua\/index.php?rest_route=%2Fwp%2Fv2%2Fmedia&parent=393"}],"curies":[{"name":"wp","href":"https:\/\/api.w.org\/{rel}","templated":true}]}}