{"id":401,"date":"2015-09-03T21:26:02","date_gmt":"2015-09-03T21:26:02","guid":{"rendered":"http:\/\/www.amagua.com\/amagua\/?page_id=401"},"modified":"2021-01-22T12:46:36","modified_gmt":"2021-01-22T17:46:36","slug":"sistema-de-gestion-de-calidad","status":"publish","type":"page","link":"https:\/\/www.amagua.com\/amagua\/?page_id=401","title":{"rendered":"Sistemas de Gesti\u00f3n"},"content":{"rendered":"<div class=\"gmail_default\">Amagua C.E.M. cuenta con un Sistema de Gesti\u00f3n de la Calidad basado en los requisitos de la Norma ISO 9001:2015, certificado por ICONTEC desde abril de 2004 hasta la actualidad; que ha sido concebido para satisfacer las necesidades y expectativas de sus clientes y partes interesadas.&nbsp;&nbsp;<\/p>\n<p>As\u00ed tambi\u00e9n cuenta con un Sistema de Gesti\u00f3n de Seguridad y Salud que cumple con los requisitos de la Norma ISO 45001:2018&nbsp; y dem\u00e1s requisitos legales en materia de seguridad y salud; obteniendo una certificaci\u00f3n por ICONTEC desde noviembre del 2017; cuyo objetivo de gesti\u00f3n es prevenir la aparici\u00f3n de lesiones y deterioro de la salud de sus trabajadores, contratistas y dem\u00e1s partes interesadas.<\/p>\n<\/div>\n<ul>\n<li><style type=\"text\/css\">#AnythingPopup_BoxContainer48\t{width:500px;height:650px;max-width:80%;background:#FFFFFF;border:1px solid #EEEEEE;padding:0;position:fixed;z-index:99999;cursor:default;-moz-border-radius: 10px;-webkit-border-radius: 10px;-khtml-border-radius: 10px;border-radius: 10px;   display:none;} #AnythingPopup_BoxContainerHeader48 {height:30px;background:#FFFFFF;border-top-right-radius:10px;-moz-border-radius-topright:10px;-webkit-border-top-right-radius:10px;-khtml-border-top-right-radius: 10px;border-top-left-radius:10px;-moz-border-radius-topleft:10px;-webkit-border-top-left-radius:10px;-khtml-border-top-left-radius: 10px;} #AnythingPopup_BoxContainerHeader48 a {color:#01AEFD;font-family:Verdana,Arial;font-size:10pt;font-weight:bold;} #AnythingPopup_BoxTitle48 {float:left; margin:5px;color:#01AEFD;font-family:Verdana,Arial;font-size:12pt;font-weight:bold;} #AnythingPopup_BoxClose48 {float:right;width:50px;margin:5px;} #AnythingPopup_BoxContainerBody48 {margin:10px;overflow:auto;height:590px;} #AnythingPopup_BoxContainerFooter48 {position: fixed;top:0;left:0;bottom:0;right:0;opacity: .3;-moz-opacity: .3;filter: alpha(opacity=30);z-index:999;display:none;} <\/style><a href='javascript:AnythingPopup_OpenForm(\"AnythingPopup_BoxContainer48\",\"AnythingPopup_BoxContainerBody48\",\"AnythingPopup_BoxContainerFooter48\",\"500\",\"650\");'>Pol\u00edtica de Sistemas de Gesti\u00f3n<\/a><div style=\"display: none;\" id=\"AnythingPopup_BoxContainer48\"><div id=\"AnythingPopup_BoxContainerHeader48\"><div id=\"AnythingPopup_BoxTitle48\">Pol\u00edtica de Sistemas de Gesti\u00f3n<\/div><div id=\"AnythingPopup_BoxClose48\"><a href=\"javascript:AnythingPopup_HideForm('AnythingPopup_BoxContainer48','AnythingPopup_BoxContainerFooter48');\">Close<\/a><\/div><\/div><div id=\"AnythingPopup_BoxContainerBody48\"><a href=\"https:\/\/www.amagua.com\/amagua\/wp-content\/uploads\/2021\/01\/POLI\u0301TICA-DE-SISTEMAS-DE-GESTION_2020.jpg\"><img loading=\"lazy\" decoding=\"async\" class=\"alignnone size-full wp-image-2004\" src=\"https:\/\/www.amagua.com\/amagua\/wp-content\/uploads\/2021\/01\/POLI\u0301TICA-DE-SISTEMAS-DE-GESTION_2020.jpg\" alt=\"\" width=\"976\" height=\"1385\" srcset=\"https:\/\/www.amagua.com\/amagua\/wp-content\/uploads\/2021\/01\/POLI\u0301TICA-DE-SISTEMAS-DE-GESTION_2020.jpg 976w, https:\/\/www.amagua.com\/amagua\/wp-content\/uploads\/2021\/01\/POLI\u0301TICA-DE-SISTEMAS-DE-GESTION_2020-211x300.jpg 211w, https:\/\/www.amagua.com\/amagua\/wp-content\/uploads\/2021\/01\/POLI\u0301TICA-DE-SISTEMAS-DE-GESTION_2020-768x1090.jpg 768w, https:\/\/www.amagua.com\/amagua\/wp-content\/uploads\/2021\/01\/POLI\u0301TICA-DE-SISTEMAS-DE-GESTION_2020-722x1024.jpg 722w\" sizes=\"(max-width: 976px) 100vw, 976px\" \/><\/a>\r<br \/>\r<br \/><hr>\r<br \/>\r<br \/>&nbsp;<\/div><\/div><div style=\"display: none;\" id=\"AnythingPopup_BoxContainerFooter48\"><\/div><\/li>\n<li><style type=\"text\/css\">#AnythingPopup_BoxContainer18\t{width:420px;height:300px;max-width:80%;background:#FFFFFF;border:1px solid #EEEEEE;padding:0;position:fixed;z-index:99999;cursor:default;-moz-border-radius: 10px;-webkit-border-radius: 10px;-khtml-border-radius: 10px;border-radius: 10px;   display:none;} #AnythingPopup_BoxContainerHeader18 {height:30px;background:#FFFFFF;border-top-right-radius:10px;-moz-border-radius-topright:10px;-webkit-border-top-right-radius:10px;-khtml-border-top-right-radius: 10px;border-top-left-radius:10px;-moz-border-radius-topleft:10px;-webkit-border-top-left-radius:10px;-khtml-border-top-left-radius: 10px;} #AnythingPopup_BoxContainerHeader18 a {color:#01AEFD;font-family:Verdana,Arial;font-size:10pt;font-weight:bold;} #AnythingPopup_BoxTitle18 {float:left; margin:5px;color:#01AEFD;font-family:Verdana,Arial;font-size:12pt;font-weight:bold;} #AnythingPopup_BoxClose18 {float:right;width:50px;margin:5px;} #AnythingPopup_BoxContainerBody18 {margin:10px;overflow:auto;height:240px;} #AnythingPopup_BoxContainerFooter18 {position: fixed;top:0;left:0;bottom:0;right:0;opacity: .3;-moz-opacity: .3;filter: alpha(opacity=30);z-index:999;display:none;} <\/style><a href='javascript:AnythingPopup_OpenForm(\"AnythingPopup_BoxContainer18\",\"AnythingPopup_BoxContainerBody18\",\"AnythingPopup_BoxContainerFooter18\",\"420\",\"300\");'>Certificado ICONTEC IQNET<\/a><div style=\"display: none;\" id=\"AnythingPopup_BoxContainer18\"><div id=\"AnythingPopup_BoxContainerHeader18\"><div id=\"AnythingPopup_BoxTitle18\">Certificado ICONTEC IQNET<\/div><div id=\"AnythingPopup_BoxClose18\"><a href=\"javascript:AnythingPopup_HideForm('AnythingPopup_BoxContainer18','AnythingPopup_BoxContainerFooter18');\">Close<\/a><\/div><\/div><div id=\"AnythingPopup_BoxContainerBody18\"><a href=\"https:\/\/www.amagua.com\/amagua\/wp-content\/uploads\/2023\/09\/logos-calidad-2023.jpg\"><img loading=\"lazy\" decoding=\"async\" class=\"alignnone wp-image-2519 size-full\" src=\"https:\/\/www.amagua.com\/amagua\/wp-content\/uploads\/2023\/09\/logos-calidad-2023.jpg\" alt=\"\" width=\"1170\" height=\"690\" srcset=\"https:\/\/www.amagua.com\/amagua\/wp-content\/uploads\/2023\/09\/logos-calidad-2023.jpg 1170w, https:\/\/www.amagua.com\/amagua\/wp-content\/uploads\/2023\/09\/logos-calidad-2023-300x177.jpg 300w, https:\/\/www.amagua.com\/amagua\/wp-content\/uploads\/2023\/09\/logos-calidad-2023-1024x604.jpg 1024w, https:\/\/www.amagua.com\/amagua\/wp-content\/uploads\/2023\/09\/logos-calidad-2023-768x453.jpg 768w\" sizes=\"(max-width: 1170px) 100vw, 1170px\" \/><\/a><\/div><\/div><div style=\"display: none;\" id=\"AnythingPopup_BoxContainerFooter18\"><\/div><\/li>\n<\/ul>\n","protected":false},"excerpt":{"rendered":"<p>Amagua C.E.M. cuenta con un Sistema de Gesti\u00f3n de la Calidad basado en los requisitos de la Norma ISO 9001:2015, certificado por ICONTEC desde abril de 2004 hasta la actualidad; que ha sido concebido para satisfacer las necesidades y expectativas de sus clientes y partes interesadas.&nbsp;&nbsp; As\u00ed tambi\u00e9n cuenta con un Sistema de Gesti\u00f3n de [&hellip;]<\/p>\n","protected":false},"author":2,"featured_media":0,"parent":384,"menu_order":0,"comment_status":"closed","ping_status":"closed","template":"","meta":{"ngg_post_thumbnail":0,"footnotes":""},"class_list":["post-401","page","type-page","status-publish","hentry"],"jetpack_sharing_enabled":true,"_links":{"self":[{"href":"https:\/\/www.amagua.com\/amagua\/index.php?rest_route=\/wp\/v2\/pages\/401"}],"collection":[{"href":"https:\/\/www.amagua.com\/amagua\/index.php?rest_route=\/wp\/v2\/pages"}],"about":[{"href":"https:\/\/www.amagua.com\/amagua\/index.php?rest_route=\/wp\/v2\/types\/page"}],"author":[{"embeddable":true,"href":"https:\/\/www.amagua.com\/amagua\/index.php?rest_route=\/wp\/v2\/users\/2"}],"replies":[{"embeddable":true,"href":"https:\/\/www.amagua.com\/amagua\/index.php?rest_route=%2Fwp%2Fv2%2Fcomments&post=401"}],"version-history":[{"count":8,"href":"https:\/\/www.amagua.com\/amagua\/index.php?rest_route=\/wp\/v2\/pages\/401\/revisions"}],"predecessor-version":[{"id":2009,"href":"https:\/\/www.amagua.com\/amagua\/index.php?rest_route=\/wp\/v2\/pages\/401\/revisions\/2009"}],"up":[{"embeddable":true,"href":"https:\/\/www.amagua.com\/amagua\/index.php?rest_route=\/wp\/v2\/pages\/384"}],"wp:attachment":[{"href":"https:\/\/www.amagua.com\/amagua\/index.php?rest_route=%2Fwp%2Fv2%2Fmedia&parent=401"}],"curies":[{"name":"wp","href":"https:\/\/api.w.org\/{rel}","templated":true}]}}