{"id":422,"date":"2015-09-03T22:18:25","date_gmt":"2015-09-03T22:18:25","guid":{"rendered":"http:\/\/www.amagua.com\/amagua\/?page_id=422"},"modified":"2024-07-06T11:21:35","modified_gmt":"2024-07-06T16:21:35","slug":"donde-estamos","status":"publish","type":"page","link":"https:\/\/www.amagua.com\/amagua\/?page_id=422","title":{"rendered":"D\u00f3nde Estamos"},"content":{"rendered":"<p>Nuestra cobertura abarca a toda la Parroquia La Puntilla en Samborond\u00f3n y la Parroquia La Aurora en el cant\u00f3n Daule, las 24 horas y los 365 d\u00edas del a\u00f1o.&nbsp;El servicio de agua potable est\u00e1 actualmente dividido en dos grandes circuitos, sur y norte:<\/p>\n<p>El circuito sur, cuya tuber\u00eda de ingreso viene a trav\u00e9s del Puente Carlos P\u00e9rez Perasso, con un di\u00e1metro de 500mm, se divide en tres tuber\u00edas matrices de 355, 250 y 200mm respectivamente que avanzan hasta el Km. 8 de la v\u00eda La Puntilla-Samborond\u00f3n.<\/p>\n<p>Y el circuito norte, que consta de 2 tuber\u00edas matriz de 400mm HD y de 500mm GRP, respectivamente:<\/p>\n<p>La tuber\u00eda de 400mm HD (hierro d\u00factil) va por el margen sur de la v\u00eda perimetral y tiene 4,65 Km. de longitud, inicia en el Puente Vicente Rocafuerte en Pascuales y avanza a lo largo de la v\u00eda Aurora-Samborond\u00f3n. Esta tuber\u00eda a la altura de la Urb. Villa Club, se reduce a 350mm en material&nbsp;de PVC, luego a la altura de la Aurora, se reduce a 200mm de di\u00e1metro y avanza a lo largo de la v\u00eda La Puntilla hasta la Urb. Castelago. En el camino existe una derivaci\u00f3n que alimenta a: El Cortijo, Ciudad Celeste y Buijo Hist\u00f3rico.<\/p>\n<p>La tuber\u00eda de 500mm GRP (fibra de vidrio reforzada) nace en el Puente Vicente Rocafuerte en Pascuales, siendo un acueducto de 13 Km. de longitud. Esta tuber\u00eda cambia a 400mm a la altura de la Aurora; contin\u00faa a lo largo de la v\u00eda a la Puntilla, y antes de llegar a la Urb. La Laguna, cambia a 350mm avanzando hasta Isla Mocoli.<\/p>\n<p>A lo largo de la v\u00eda se desprenden otros ramales importantes que abastecen otros megaproyectos tales como: La Joya, Villa Club, SamboCity y dem\u00e1s urbanizaciones que se encuentran en la v\u00eda a Salitre, todo esto en el sector de nuestra zona de cobertura.<\/p>\n<ul>\n<li><strong><strong><style type=\"text\/css\">#AnythingPopup_BoxContainer19\t{width:500px;height:400px;max-width:80%;background:#FFFFFF;border:1px solid #EEEEEE;padding:0;position:fixed;z-index:99999;cursor:default;-moz-border-radius: 10px;-webkit-border-radius: 10px;-khtml-border-radius: 10px;border-radius: 10px;   display:none;} #AnythingPopup_BoxContainerHeader19 {height:30px;background:#FFFFFF;border-top-right-radius:10px;-moz-border-radius-topright:10px;-webkit-border-top-right-radius:10px;-khtml-border-top-right-radius: 10px;border-top-left-radius:10px;-moz-border-radius-topleft:10px;-webkit-border-top-left-radius:10px;-khtml-border-top-left-radius: 10px;} #AnythingPopup_BoxContainerHeader19 a {color:#01AEFD;font-family:Verdana,Arial;font-size:10pt;font-weight:bold;} #AnythingPopup_BoxTitle19 {float:left; margin:5px;color:#01AEFD;font-family:Verdana,Arial;font-size:12pt;font-weight:bold;} #AnythingPopup_BoxClose19 {float:right;width:50px;margin:5px;} #AnythingPopup_BoxContainerBody19 {margin:10px;overflow:auto;height:340px;} #AnythingPopup_BoxContainerFooter19 {position: fixed;top:0;left:0;bottom:0;right:0;opacity: .3;-moz-opacity: .3;filter: alpha(opacity=30);z-index:999;display:none;} <\/style><a href='javascript:AnythingPopup_OpenForm(\"AnythingPopup_BoxContainer19\",\"AnythingPopup_BoxContainerBody19\",\"AnythingPopup_BoxContainerFooter19\",\"500\",\"400\");'>Plano de Samborond\u00f3n<\/a><div style=\"display: none;\" id=\"AnythingPopup_BoxContainer19\"><div id=\"AnythingPopup_BoxContainerHeader19\"><div id=\"AnythingPopup_BoxTitle19\">Plano de Samborond\u00f3n<\/div><div id=\"AnythingPopup_BoxClose19\"><a href=\"javascript:AnythingPopup_HideForm('AnythingPopup_BoxContainer19','AnythingPopup_BoxContainerFooter19');\">Close<\/a><\/div><\/div><div id=\"AnythingPopup_BoxContainerBody19\"><a href=\"https:\/\/www.amagua.com\/amagua\/wp-content\/uploads\/2019\/11\/planodesamborondon.jpg\"><img loading=\"lazy\" decoding=\"async\" src=\"https:\/\/www.amagua.com\/amagua\/wp-content\/uploads\/2019\/11\/planodesamborondon.jpg\" alt=\"\" width=\"520\" height=\"337\" class=\"alignnone size-full wp-image-1696\" srcset=\"https:\/\/www.amagua.com\/amagua\/wp-content\/uploads\/2019\/11\/planodesamborondon.jpg 520w, https:\/\/www.amagua.com\/amagua\/wp-content\/uploads\/2019\/11\/planodesamborondon-300x194.jpg 300w\" sizes=\"(max-width: 520px) 100vw, 520px\" \/><\/a><\/div><\/div><div style=\"display: none;\" id=\"AnythingPopup_BoxContainerFooter19\"><\/div><\/strong><\/strong><\/li>\n<li><strong><strong>Plano de Daule<\/strong><\/strong><\/li>\n<\/ul>\n<p><strong><a class=\"lightwindow page-options\" title=\" Red de Procesos\" href=\"https:\/\/www.amagua.com\/images\/2011\/red_procesos2011.jpg\">&nbsp;<\/a><\/strong><small><a href=\"https:\/\/maps.google.com.ec\/maps?f=q&amp;source=embed&amp;hl=es&amp;geocode=&amp;q=samborondon&amp;sll=-2.049868,-79.869747&amp;sspn=0.959305,1.454315&amp;t=m&amp;ie=UTF8&amp;hq=&amp;hnear=Samborond%C3%B3n,+Guayas&amp;ll=-2.01492,-79.852082&amp;spn=0.11991,0.181789&amp;z=13\" target=\"_blank\" rel=\"noopener noreferrer\">Ver mapa m\u00e1s grande<\/a><\/small><\/p>\n","protected":false},"excerpt":{"rendered":"<p>Nuestra cobertura abarca a toda la Parroquia La Puntilla en Samborond\u00f3n y la Parroquia La Aurora en el cant\u00f3n Daule, las 24 horas y los 365 d\u00edas del a\u00f1o.&nbsp;El servicio de agua potable est\u00e1 actualmente dividido en dos grandes circuitos, sur y norte: El circuito sur, cuya tuber\u00eda de ingreso viene a trav\u00e9s del Puente [&hellip;]<\/p>\n","protected":false},"author":2,"featured_media":0,"parent":384,"menu_order":0,"comment_status":"closed","ping_status":"closed","template":"","meta":{"ngg_post_thumbnail":0,"footnotes":""},"class_list":["post-422","page","type-page","status-publish","hentry"],"jetpack_sharing_enabled":true,"_links":{"self":[{"href":"https:\/\/www.amagua.com\/amagua\/index.php?rest_route=\/wp\/v2\/pages\/422"}],"collection":[{"href":"https:\/\/www.amagua.com\/amagua\/index.php?rest_route=\/wp\/v2\/pages"}],"about":[{"href":"https:\/\/www.amagua.com\/amagua\/index.php?rest_route=\/wp\/v2\/types\/page"}],"author":[{"embeddable":true,"href":"https:\/\/www.amagua.com\/amagua\/index.php?rest_route=\/wp\/v2\/users\/2"}],"replies":[{"embeddable":true,"href":"https:\/\/www.amagua.com\/amagua\/index.php?rest_route=%2Fwp%2Fv2%2Fcomments&post=422"}],"version-history":[{"count":7,"href":"https:\/\/www.amagua.com\/amagua\/index.php?rest_route=\/wp\/v2\/pages\/422\/revisions"}],"predecessor-version":[{"id":2675,"href":"https:\/\/www.amagua.com\/amagua\/index.php?rest_route=\/wp\/v2\/pages\/422\/revisions\/2675"}],"up":[{"embeddable":true,"href":"https:\/\/www.amagua.com\/amagua\/index.php?rest_route=\/wp\/v2\/pages\/384"}],"wp:attachment":[{"href":"https:\/\/www.amagua.com\/amagua\/index.php?rest_route=%2Fwp%2Fv2%2Fmedia&parent=422"}],"curies":[{"name":"wp","href":"https:\/\/api.w.org\/{rel}","templated":true}]}}