{"id":498,"date":"2015-09-04T15:43:46","date_gmt":"2015-09-04T15:43:46","guid":{"rendered":"http:\/\/www.amagua.com\/amagua\/?page_id=498"},"modified":"2017-02-23T20:28:48","modified_gmt":"2017-02-23T20:28:48","slug":"servicios","status":"publish","type":"page","link":"https:\/\/www.amagua.com\/amagua\/?page_id=498","title":{"rendered":"Servicios"},"content":{"rendered":"<br \/>\n<h2>&nbsp;SERVICIOS URBAN\u00cdSTICOS<\/h2>\n<ul>\n<li><span>Factibilidad de servicio de agua potable<img loading=\"lazy\" decoding=\"async\" style=\"float: left; margin: 2px 25px;\" src=\"https:\/\/www.amagua.com\/amagua\/wp-content\/uploads\/2015\/09\/left_serv_proyectos.jpg\" alt=\"\" width=\"78\" height=\"151\" \/><\/span><\/li>\n<li class=\"vi\u00f1eta\"><span >Aprobaci\u00f3n de dise\u00f1os sanitarios<\/span><\/li>\n<li class=\"vi\u00f1eta\"><span ><span >Inspecci\u00f3n y recepci\u00f3n de obras<\/span><\/span><\/li>\n<\/ul>\n<p>&nbsp;<\/p>\n<hr \/>\n<h2>&nbsp;AGUA POTABLE<\/h2>\n<ul>\n<li><span >Actualizaci\u00f3n&nbsp;de datos y Cambio de propietario<img loading=\"lazy\" decoding=\"async\" style=\"float: left; margin: 2px 25px;\" src=\"https:\/\/www.amagua.com\/amagua\/wp-content\/uploads\/2015\/09\/left_serv_aguapotable.jpg\" alt=\"\" width=\"78\" height=\"151\" \/><\/span><\/li>\n<li class=\"vi\u00f1eta\"><span >Inspecci\u00f3n de instalaciones domiciliarias (Visual, Banco port\u00e1til, Ge\u00f3fono)<\/span><\/li>\n<li class=\"vi\u00f1eta\"><span ><span >Corte provisional del servicio<\/span><br \/><\/span><\/li>\n<li class=\"vi\u00f1eta\"><span ><span >Reconexi\u00f3n del servicio<\/span><br \/><\/span><\/li>\n<li class=\"vi\u00f1eta\">Independizaci\u00f3n de gu\u00eda y medidor<\/li>\n<li class=\"vi\u00f1eta\"><span >Corte definitivo del servicio<\/span><\/li>\n<\/ul>\n<hr \/>\n<h2>&nbsp;ALCANTARILLADO<\/h2>\n<ul>\n<li><span >Limpieza de redes<img loading=\"lazy\" decoding=\"async\" style=\"float: left; margin: 2px 25px;\" src=\"http:\/\/www.amagua.com\/amagua\/wp-content\/uploads\/2015\/09\/left_serv_alcantarillado.jpg\" alt=\"\" width=\"78\" height=\"151\" \/><\/span><\/li>\n<li class=\"vi\u00f1eta\"><span >Mantenimiento de EDAR<\/span><\/li>\n<li class=\"vi\u00f1eta\"><span ><span >Limpieza de Pozos<\/span><\/span><\/li>\n<li class=\"vi\u00f1eta\"><span ><span >Limpieza alcantarillado en industrias<\/span><\/span><\/li>\n<\/ul>\n<p>&nbsp;<\/p>\n<hr \/>\n<h2>&nbsp;CISTERNAS<\/h2>\n<ul>\n<li><span >Limpieza y desinfecci\u00f3n de cisternas<img loading=\"lazy\" decoding=\"async\" style=\"float: left; margin: 2px 25px;\" src=\"https:\/\/www.amagua.com\/amagua\/wp-content\/uploads\/2015\/09\/left_serv_cisterna.jpg\" alt=\"\" width=\"78\" height=\"151\" \/><\/span><\/li>\n<li class=\"vi\u00f1eta\"><span >Impermeabilizaci\u00f3n<\/span><\/li>\n<li class=\"vi\u00f1eta\"><span ><span >Pintada de tapas<\/span><\/span><\/li>\n<li class=\"vi\u00f1eta\"><span ><span >Cambio de tapas, boyas, llaves y tuber\u00edas de drenaje<\/span><\/span><\/li>\n<\/ul>\n","protected":false},"excerpt":{"rendered":"<p>&nbsp;SERVICIOS URBAN\u00cdSTICOS Factibilidad de servicio de agua potable Aprobaci\u00f3n de dise\u00f1os sanitarios Inspecci\u00f3n y recepci\u00f3n de obras &nbsp; &nbsp;AGUA POTABLE Actualizaci\u00f3n&nbsp;de datos y Cambio de propietario Inspecci\u00f3n de instalaciones domiciliarias (Visual, Banco port\u00e1til, Ge\u00f3fono) Corte provisional del servicio Reconexi\u00f3n del servicio Independizaci\u00f3n de gu\u00eda y medidor Corte definitivo del servicio &nbsp;ALCANTARILLADO Limpieza de redes Mantenimiento [&hellip;]<\/p>\n","protected":false},"author":2,"featured_media":0,"parent":0,"menu_order":0,"comment_status":"closed","ping_status":"closed","template":"","meta":{"ngg_post_thumbnail":0,"footnotes":""},"class_list":["post-498","page","type-page","status-publish","hentry"],"jetpack_sharing_enabled":true,"_links":{"self":[{"href":"https:\/\/www.amagua.com\/amagua\/index.php?rest_route=\/wp\/v2\/pages\/498"}],"collection":[{"href":"https:\/\/www.amagua.com\/amagua\/index.php?rest_route=\/wp\/v2\/pages"}],"about":[{"href":"https:\/\/www.amagua.com\/amagua\/index.php?rest_route=\/wp\/v2\/types\/page"}],"author":[{"embeddable":true,"href":"https:\/\/www.amagua.com\/amagua\/index.php?rest_route=\/wp\/v2\/users\/2"}],"replies":[{"embeddable":true,"href":"https:\/\/www.amagua.com\/amagua\/index.php?rest_route=%2Fwp%2Fv2%2Fcomments&post=498"}],"version-history":[{"count":4,"href":"https:\/\/www.amagua.com\/amagua\/index.php?rest_route=\/wp\/v2\/pages\/498\/revisions"}],"predecessor-version":[{"id":1156,"href":"https:\/\/www.amagua.com\/amagua\/index.php?rest_route=\/wp\/v2\/pages\/498\/revisions\/1156"}],"wp:attachment":[{"href":"https:\/\/www.amagua.com\/amagua\/index.php?rest_route=%2Fwp%2Fv2%2Fmedia&parent=498"}],"curies":[{"name":"wp","href":"https:\/\/api.w.org\/{rel}","templated":true}]}}