{"id":516,"date":"2015-09-04T16:29:57","date_gmt":"2015-09-04T16:29:57","guid":{"rendered":"http:\/\/www.amagua.com\/amagua\/?page_id=516"},"modified":"2019-11-26T11:07:14","modified_gmt":"2019-11-26T16:07:14","slug":"base-legal","status":"publish","type":"page","link":"https:\/\/www.amagua.com\/amagua\/?page_id=516","title":{"rendered":"Base Legal"},"content":{"rendered":"<p>Aguas de Samborond\u00f3n Amagua C.E.M. es una compa\u00f1\u00eda de econom\u00eda mixta con domicilio en el Cant\u00f3n Samborond\u00f3n, inscrita en el Registro de la Propiedad del Cant\u00f3n del mismo nombre el 12 de junio de 1998. Su objeto es la prestaci\u00f3n de los servicios p\u00fablicos de agua potable y alcantarillado en la parroquias satelitales La Puntilla y La Aurora de los cantones Samborond\u00f3n y Daule respectivamente.<\/p>\n<p>Entre las leyes y normas que regulan la operaci\u00f3n de Amagua C.E.M. se tiene:<\/p>\n<ul>\n<li>Convenio para la regulaci\u00f3n&nbsp;de la relaci\u00f3n entre el I. Municipio de Samborond\u00f3n y la compa\u00f1\u00eda Aguas de Samborond\u00f3n Amagua C.E.M. para la prestaci\u00f3n de los servicios de Agua Potable y Alcantarillado en la zona de Desarrollo Urbano del Cant\u00f3n Samborond\u00f3n, 30 de noviembre de 2001.<\/li>\n<\/ul>\n<ul>\n<li>Convenio entre la Municipalidad de Daule y la Empresa de Econom\u00eda Mixta Aguas de Samborond\u00f3n, Amagua C.E.M. que regula la prestaci\u00f3n de servicios en la parroquia La Aurora, febrero de 2005 &#8211; Adendum al convenio anterior, julio de 2009; Adendum complementario a los anteriores, agosto de 2012.<\/li>\n<li><a href=\"https:\/\/www.amagua.com\/amagua\/wp-content\/uploads\/2015\/09\/ordenanza-municipal-samborondon-2010.pdf\" target=\"_blank\" rel=\"noopener noreferrer\">Ordenanza Municipal Samborond\u00f3n<\/a> publicada en el Registro Oficial No. 47, Edicion Especial de Junio 21 del 2010.<\/li>\n<\/ul>\n<ul>\n<li><a href=\"https:\/\/www.amagua.com\/amagua\/wp-content\/uploads\/2015\/09\/ordenanza-municipal-daule-2009.pdf\" target=\"_blank\" rel=\"noopener noreferrer\">Ordenanza Municipal Daule<\/a> publicada en el Registro Oficial No. 4 del 26 de Agosto de 2009.<\/li>\n<\/ul>\n<ul>\n<li>LEGISLACI\u00d3N AMBIENTAL. Reforma del Libro VI del Texto Unificado de Legislaci\u00f3n Secundaria. Acuerdo Ministerial No. 061. Registro Oficial No. 316 del 4 de mayo de 2105. Reformas al Texto Unificado de Legislaci\u00f3n Secundaria. Acuerdo Ministerial No. 097-A. Registro Oficial No. 387 del 4 de noviembre de 2015.<\/li>\n<\/ul>\n<ul>\n<li>Norma t\u00e9cnica INEN 1108:2014. Agua Potable: Requisitos.<\/li>\n<\/ul>\n","protected":false},"excerpt":{"rendered":"<p>Aguas de Samborond\u00f3n Amagua C.E.M. es una compa\u00f1\u00eda de econom\u00eda mixta con domicilio en el Cant\u00f3n Samborond\u00f3n, inscrita en el Registro de la Propiedad del Cant\u00f3n del mismo nombre el 12 de junio de 1998. Su objeto es la prestaci\u00f3n de los servicios p\u00fablicos de agua potable y alcantarillado en la parroquias satelitales La Puntilla [&hellip;]<\/p>\n","protected":false},"author":2,"featured_media":0,"parent":384,"menu_order":0,"comment_status":"closed","ping_status":"closed","template":"","meta":{"ngg_post_thumbnail":0,"footnotes":""},"class_list":["post-516","page","type-page","status-publish","hentry"],"jetpack_sharing_enabled":true,"_links":{"self":[{"href":"https:\/\/www.amagua.com\/amagua\/index.php?rest_route=\/wp\/v2\/pages\/516"}],"collection":[{"href":"https:\/\/www.amagua.com\/amagua\/index.php?rest_route=\/wp\/v2\/pages"}],"about":[{"href":"https:\/\/www.amagua.com\/amagua\/index.php?rest_route=\/wp\/v2\/types\/page"}],"author":[{"embeddable":true,"href":"https:\/\/www.amagua.com\/amagua\/index.php?rest_route=\/wp\/v2\/users\/2"}],"replies":[{"embeddable":true,"href":"https:\/\/www.amagua.com\/amagua\/index.php?rest_route=%2Fwp%2Fv2%2Fcomments&post=516"}],"version-history":[{"count":10,"href":"https:\/\/www.amagua.com\/amagua\/index.php?rest_route=\/wp\/v2\/pages\/516\/revisions"}],"predecessor-version":[{"id":1681,"href":"https:\/\/www.amagua.com\/amagua\/index.php?rest_route=\/wp\/v2\/pages\/516\/revisions\/1681"}],"up":[{"embeddable":true,"href":"https:\/\/www.amagua.com\/amagua\/index.php?rest_route=\/wp\/v2\/pages\/384"}],"wp:attachment":[{"href":"https:\/\/www.amagua.com\/amagua\/index.php?rest_route=%2Fwp%2Fv2%2Fmedia&parent=516"}],"curies":[{"name":"wp","href":"https:\/\/api.w.org\/{rel}","templated":true}]}}