{"id":528,"date":"2015-09-04T16:46:15","date_gmt":"2015-09-04T16:46:15","guid":{"rendered":"http:\/\/www.amagua.com\/amagua\/?page_id=528"},"modified":"2019-11-26T10:58:07","modified_gmt":"2019-11-26T15:58:07","slug":"regulaciones-y-procedimientos-internos","status":"publish","type":"page","link":"https:\/\/www.amagua.com\/amagua\/?page_id=528","title":{"rendered":"Regulaciones y Procedimientos Internos"},"content":{"rendered":"<ul>\n<li>Normas y especificaciones t\u00e9cnicas para la construcci\u00f3n de obras de acueducto y alcantarillado de Amagua, en proceso de elaboraci\u00f3n.<\/li>\n<\/ul>\n<h2>Procedimientos Internos<\/h2>\n<p>La administraci\u00f3n de Amagua est\u00e1 dirigida en un esquema de enfoques por procesos, a trav\u00e9s de su Sistema de Gesti\u00f3n de Calidad, basado en la norma ISO 9001:2008. Es as\u00ed que, sus procedimientos internos est\u00e1n descritos en el Manual de Calidad.<\/p>\n<p>El mapa conceptual de las operaciones de Amagua est\u00e1 dado en la <style type=\"text\/css\">#AnythingPopup_BoxContainer17\t{width:640px;height:550px;max-width:80%;background:#FFFFFF;border:1px solid #EEEEEE;padding:0;position:fixed;z-index:99999;cursor:default;-moz-border-radius: 10px;-webkit-border-radius: 10px;-khtml-border-radius: 10px;border-radius: 10px;   display:none;} #AnythingPopup_BoxContainerHeader17 {height:30px;background:#FFFFFF;border-top-right-radius:10px;-moz-border-radius-topright:10px;-webkit-border-top-right-radius:10px;-khtml-border-top-right-radius: 10px;border-top-left-radius:10px;-moz-border-radius-topleft:10px;-webkit-border-top-left-radius:10px;-khtml-border-top-left-radius: 10px;} #AnythingPopup_BoxContainerHeader17 a {color:#01AEFD;font-family:Verdana,Arial;font-size:10pt;font-weight:bold;} #AnythingPopup_BoxTitle17 {float:left; margin:5px;color:#01AEFD;font-family:Verdana,Arial;font-size:12pt;font-weight:bold;} #AnythingPopup_BoxClose17 {float:right;width:50px;margin:5px;} #AnythingPopup_BoxContainerBody17 {margin:10px;overflow:auto;height:490px;} #AnythingPopup_BoxContainerFooter17 {position: fixed;top:0;left:0;bottom:0;right:0;opacity: .3;-moz-opacity: .3;filter: alpha(opacity=30);z-index:999;display:none;} <\/style><a href='javascript:AnythingPopup_OpenForm(\"AnythingPopup_BoxContainer17\",\"AnythingPopup_BoxContainerBody17\",\"AnythingPopup_BoxContainerFooter17\",\"640\",\"550\");'>Red de Procesos<\/a><div style=\"display: none;\" id=\"AnythingPopup_BoxContainer17\"><div id=\"AnythingPopup_BoxContainerHeader17\"><div id=\"AnythingPopup_BoxTitle17\">Red de Procesos<\/div><div id=\"AnythingPopup_BoxClose17\"><a href=\"javascript:AnythingPopup_HideForm('AnythingPopup_BoxContainer17','AnythingPopup_BoxContainerFooter17');\">Close<\/a><\/div><\/div><div id=\"AnythingPopup_BoxContainerBody17\"><a href=\"https:\/\/www.amagua.com\/amagua\/wp-content\/uploads\/2023\/06\/RED-DE-PROCESOS-AMAGUA-2022-1.png\"><img loading=\"lazy\" decoding=\"async\" class=\"aligncenter wp-image-2487 size-full\" src=\"https:\/\/www.amagua.com\/amagua\/wp-content\/uploads\/2023\/06\/RED-DE-PROCESOS-AMAGUA-2022-1.png\" alt=\"\" width=\"3307\" height=\"2339\" srcset=\"https:\/\/www.amagua.com\/amagua\/wp-content\/uploads\/2023\/06\/RED-DE-PROCESOS-AMAGUA-2022-1.png 3307w, https:\/\/www.amagua.com\/amagua\/wp-content\/uploads\/2023\/06\/RED-DE-PROCESOS-AMAGUA-2022-1-300x212.png 300w, https:\/\/www.amagua.com\/amagua\/wp-content\/uploads\/2023\/06\/RED-DE-PROCESOS-AMAGUA-2022-1-1024x724.png 1024w, https:\/\/www.amagua.com\/amagua\/wp-content\/uploads\/2023\/06\/RED-DE-PROCESOS-AMAGUA-2022-1-768x543.png 768w, https:\/\/www.amagua.com\/amagua\/wp-content\/uploads\/2023\/06\/RED-DE-PROCESOS-AMAGUA-2022-1-1536x1086.png 1536w, https:\/\/www.amagua.com\/amagua\/wp-content\/uploads\/2023\/06\/RED-DE-PROCESOS-AMAGUA-2022-1-2048x1449.png 2048w\" sizes=\"(max-width: 3307px) 100vw, 3307px\" \/><\/a><\/div><\/div><div style=\"display: none;\" id=\"AnythingPopup_BoxContainerFooter17\"><\/div><\/p>\n","protected":false},"excerpt":{"rendered":"<p>Normas y especificaciones t\u00e9cnicas para la construcci\u00f3n de obras de acueducto y alcantarillado de Amagua, en proceso de elaboraci\u00f3n. Procedimientos Internos La administraci\u00f3n de Amagua est\u00e1 dirigida en un esquema de enfoques por procesos, a trav\u00e9s de su Sistema de Gesti\u00f3n de Calidad, basado en la norma ISO 9001:2008. Es as\u00ed que, sus procedimientos internos [&hellip;]<\/p>\n","protected":false},"author":2,"featured_media":0,"parent":0,"menu_order":0,"comment_status":"closed","ping_status":"closed","template":"","meta":{"ngg_post_thumbnail":0,"footnotes":""},"class_list":["post-528","page","type-page","status-publish","hentry"],"jetpack_sharing_enabled":true,"_links":{"self":[{"href":"https:\/\/www.amagua.com\/amagua\/index.php?rest_route=\/wp\/v2\/pages\/528"}],"collection":[{"href":"https:\/\/www.amagua.com\/amagua\/index.php?rest_route=\/wp\/v2\/pages"}],"about":[{"href":"https:\/\/www.amagua.com\/amagua\/index.php?rest_route=\/wp\/v2\/types\/page"}],"author":[{"embeddable":true,"href":"https:\/\/www.amagua.com\/amagua\/index.php?rest_route=\/wp\/v2\/users\/2"}],"replies":[{"embeddable":true,"href":"https:\/\/www.amagua.com\/amagua\/index.php?rest_route=%2Fwp%2Fv2%2Fcomments&post=528"}],"version-history":[{"count":4,"href":"https:\/\/www.amagua.com\/amagua\/index.php?rest_route=\/wp\/v2\/pages\/528\/revisions"}],"predecessor-version":[{"id":1678,"href":"https:\/\/www.amagua.com\/amagua\/index.php?rest_route=\/wp\/v2\/pages\/528\/revisions\/1678"}],"wp:attachment":[{"href":"https:\/\/www.amagua.com\/amagua\/index.php?rest_route=%2Fwp%2Fv2%2Fmedia&parent=528"}],"curies":[{"name":"wp","href":"https:\/\/api.w.org\/{rel}","templated":true}]}}