{"id":578,"date":"2015-09-04T22:32:36","date_gmt":"2015-09-04T22:32:36","guid":{"rendered":"http:\/\/www.amagua.com\/amagua\/?page_id=578"},"modified":"2018-11-22T16:27:39","modified_gmt":"2018-11-22T16:27:39","slug":"obras-de-alcantarillado","status":"publish","type":"page","link":"https:\/\/www.amagua.com\/amagua\/?page_id=578","title":{"rendered":"Obras de Alcantarillado"},"content":{"rendered":"<table>\n<tbody>\n<tr>\n<th colspan=\"3\">\n<h2><strong>EDAR Tarifa<\/strong><\/h2>\n<\/th>\n<\/tr>\n<tr>\n<td>\n<h2><strong>Fecha<\/strong><\/h2>\n<\/td>\n<td>\n<h2><strong>Datos T\u00e9cnicos<\/strong><\/h2>\n<\/td>\n<\/tr>\n<tr>\n<td>Diciembre 2013<\/td>\n<td>Obra civil para el futuro funcionamiento de la estaci\u00f3n depuradora de la parroquia Tarifa, con una capacidad de 1750 m3\/d\u00eda, que beneficiar\u00e1 inicialmente a 5000 personas de este importante sector.<\/td>\n<\/tr>\n<tr>\n<th colspan=\"3\">\n<h2><strong>EDAR Buijo Hist\u00f3rico<\/strong><\/h2>\n<\/th>\n<\/tr>\n<tr>\n<td>\n<h2><strong>Fecha<\/strong><\/h2>\n<\/td>\n<td>\n<h2><strong>Datos T\u00e9cnicos<\/strong><\/h2>\n<\/td>\n<\/tr>\n<tr>\n<td>Septiembre 2013<\/td>\n<td>Trabajos preliminares de excavaci\u00f3n y desalojo, colocaci\u00f3n de relleno compactado, construcci\u00f3n de cerca perimetral y otras obras de drenaje pluvial, para la futura construcci\u00f3nde la planta de tratamiento de agua residuales de Recinto Bu\u00edjo Hist\u00f3rico.<\/td>\n<\/tr>\n<tr>\n<th colspan=\"3\">\n<h2><strong>Amplicaci\u00f3n EDAR Los Arcos fase III<\/strong><\/h2>\n<\/th>\n<\/tr>\n<tr>\n<td>\n<h2><strong>Fecha<\/strong><\/h2>\n<\/td>\n<td>\n<h2><strong>Datos T\u00e9cnicos<\/strong><\/h2>\n<\/td>\n<\/tr>\n<tr>\n<td>Diciembre 2012<\/td>\n<td>Depuraci\u00f3n de 800 m3\/d\u00eda a 2.400 m3\/d\u00eda.<\/td>\n<\/tr>\n<tr>\n<th colspan=\"3\">\n<h2><strong>Construcci\u00f3n EDAR Rinconada del Lago y redes sanitarias<\/strong><\/h2>\n<\/th>\n<\/tr>\n<tr>\n<td>\n<h2><strong>Fecha<\/strong><\/h2>\n<\/td>\n<td>\n<h2><strong>Datos T\u00e9cnicos<\/strong><\/h2>\n<\/td>\n<\/tr>\n<tr>\n<td>Enero 2012<\/td>\n<td>Capacidad de 250 m3\/d\u00eda, 52 familias, eliminando pozos s\u00e9pticos.<\/td>\n<\/tr>\n<tr>\n<th colspan=\"3\">\n<h2><strong>Construcci\u00f3n Sistema Agua Lluvias en Recinto Buijo Hist\u00f3rico<\/strong><\/h2>\n<\/th>\n<\/tr>\n<tr>\n<td>\n<h2><strong>Fecha<\/strong><\/h2>\n<\/td>\n<td>\n<h2><strong>Datos T\u00e9cnicos<\/strong><\/h2>\n<\/td>\n<\/tr>\n<tr>\n<td>Septiembre 2009<\/td>\n<td>Implementaci\u00f3n sistema de drenaje pluvial a 200 familias.<\/td>\n<\/tr>\n<tr>\n<th colspan=\"3\">\n<h2><strong>Ampliaci\u00f3n de EDAR Los Arcos: Fase II<\/strong><\/h2>\n<\/th>\n<\/tr>\n<tr>\n<td>\n<h2><strong>Fecha<\/strong><\/h2>\n<\/td>\n<td>\n<h2><strong>Datos T\u00e9cnicos<\/strong><\/h2>\n<\/td>\n<\/tr>\n<tr>\n<td>Febrero 2008<\/td>\n<td>Instalaci\u00f3n de equipos de mayor capacidad.<\/td>\n<\/tr>\n<tr>\n<th colspan=\"3\">\n<h2><strong>Construcci\u00f3n EDAR La Puntilla<\/strong><\/h2>\n<\/th>\n<\/tr>\n<tr>\n<td>\n<h2><strong>Fecha<\/strong><\/h2>\n<\/td>\n<td>\n<h2><strong>Datos T\u00e9cnicos<\/strong><\/h2>\n<\/td>\n<\/tr>\n<tr>\n<td>Febrero 2008<\/td>\n<td>Capacidad m\u00e1ximo de tratamiento de 700 m3\/d\u00eda, dando el servicio a 300 familias.<\/td>\n<\/tr>\n<tr>\n<th colspan=\"3\">\n<h2><strong>Plan Director de Saneamiento para zona Norte de Samborond\u00f3n<\/strong><\/h2>\n<\/th>\n<\/tr>\n<tr>\n<td>\n<h2><strong>Fecha<\/strong><\/h2>\n<\/td>\n<td>\n<h2><strong>Datos T\u00e9cnicos<\/strong><\/h2>\n<\/td>\n<\/tr>\n<tr>\n<td>Febrero 2007<\/td>\n<td>Factibilidad para integrar urbanizaciones a una planta de tratamiento macro.<\/td>\n<\/tr>\n<tr>\n<th colspan=\"3\">\n<h2><strong>Construcci\u00f3n EBAR Entre R\u00edos (Av. R\u00edo Babahoyo)<\/strong><\/h2>\n<\/th>\n<\/tr>\n<tr>\n<td>\n<h2><strong>Fecha<\/strong><\/h2>\n<\/td>\n<td>\n<h2><strong>Datos T\u00e9cnicos<\/strong><\/h2>\n<\/td>\n<\/tr>\n<tr>\n<td>Julio 2006<\/td>\n<td>Construcci\u00f3n colector y estaci\u00f3n de bombeo e instalaci\u00f3n de tuber\u00eda de impulsi\u00f3n desde Av. Babahoyo hasta EDAR Entre R\u00edos.<\/td>\n<\/tr>\n<tr>\n<th colspan=\"3\">\n<h2><strong>Construcci\u00f3n EDAR Los Arcos: Fase I<\/strong><\/h2>\n<\/th>\n<\/tr>\n<tr>\n<td>\n<h2><strong>Fecha<\/strong><\/h2>\n<\/td>\n<td>\n<h2><strong>Datos T\u00e9cnicos<\/strong><\/h2>\n<\/td>\n<\/tr>\n<tr>\n<td>Marzo 2006<\/td>\n<td>Capacidad de tratamiento: 1200 m3\/d\u00eda.<\/td>\n<\/tr>\n<tr>\n<th colspan=\"3\">\n<h2><strong>Construcci\u00f3n EDAR Entre R\u00edos<\/strong><\/h2>\n<\/th>\n<\/tr>\n<tr>\n<td>\n<h2><strong>Fecha<\/strong><\/h2>\n<\/td>\n<td>\n<h2><strong>Datos T\u00e9cnicos<\/strong><\/h2>\n<\/td>\n<\/tr>\n<tr>\n<td>Enero 2004<\/td>\n<td>Capacidad de tratamiento: 1400 m3\/d\u00eda.<\/td>\n<\/tr>\n<\/tbody>\n<\/table>\n","protected":false},"excerpt":{"rendered":"<p>EDAR Tarifa Fecha Datos T\u00e9cnicos Diciembre 2013 Obra civil para el futuro funcionamiento de la estaci\u00f3n depuradora de la parroquia Tarifa, con una capacidad de 1750 m3\/d\u00eda, que beneficiar\u00e1 inicialmente a 5000 personas de este importante sector. EDAR Buijo Hist\u00f3rico Fecha Datos T\u00e9cnicos Septiembre 2013 Trabajos preliminares de excavaci\u00f3n y desalojo, colocaci\u00f3n de relleno compactado, [&hellip;]<\/p>\n","protected":false},"author":2,"featured_media":0,"parent":570,"menu_order":0,"comment_status":"closed","ping_status":"closed","template":"","meta":{"ngg_post_thumbnail":0,"footnotes":""},"class_list":["post-578","page","type-page","status-publish","hentry"],"jetpack_sharing_enabled":true,"_links":{"self":[{"href":"https:\/\/www.amagua.com\/amagua\/index.php?rest_route=\/wp\/v2\/pages\/578"}],"collection":[{"href":"https:\/\/www.amagua.com\/amagua\/index.php?rest_route=\/wp\/v2\/pages"}],"about":[{"href":"https:\/\/www.amagua.com\/amagua\/index.php?rest_route=\/wp\/v2\/types\/page"}],"author":[{"embeddable":true,"href":"https:\/\/www.amagua.com\/amagua\/index.php?rest_route=\/wp\/v2\/users\/2"}],"replies":[{"embeddable":true,"href":"https:\/\/www.amagua.com\/amagua\/index.php?rest_route=%2Fwp%2Fv2%2Fcomments&post=578"}],"version-history":[{"count":2,"href":"https:\/\/www.amagua.com\/amagua\/index.php?rest_route=\/wp\/v2\/pages\/578\/revisions"}],"predecessor-version":[{"id":1529,"href":"https:\/\/www.amagua.com\/amagua\/index.php?rest_route=\/wp\/v2\/pages\/578\/revisions\/1529"}],"up":[{"embeddable":true,"href":"https:\/\/www.amagua.com\/amagua\/index.php?rest_route=\/wp\/v2\/pages\/570"}],"wp:attachment":[{"href":"https:\/\/www.amagua.com\/amagua\/index.php?rest_route=%2Fwp%2Fv2%2Fmedia&parent=578"}],"curies":[{"name":"wp","href":"https:\/\/api.w.org\/{rel}","templated":true}]}}