{"id":586,"date":"2015-09-04T22:35:24","date_gmt":"2015-09-04T22:35:24","guid":{"rendered":"http:\/\/www.amagua.com\/amagua\/?page_id=586"},"modified":"2018-11-22T16:38:42","modified_gmt":"2018-11-22T16:38:42","slug":"obras-sociales","status":"publish","type":"page","link":"https:\/\/www.amagua.com\/amagua\/?page_id=586","title":{"rendered":"Obras Sociales"},"content":{"rendered":"<table align=\"center\">\n<tbody>\n<tr>\n<th colspan=\"3\">\n<h2><strong>Acueducto San Guillermo<\/strong><\/h2>\n<\/th>\n<\/tr>\n<tr>\n<td>\n<h2><strong>Fecha<\/strong><\/h2>\n<\/td>\n<td>\n<h2><strong>Datos T\u00e9cnicos<\/strong><\/h2>\n<\/td>\n<\/tr>\n<tr>\n<td>Octubre 2013<\/td>\n<td>Se benefici\u00f3 a aproximadamente 200 familias en el Recinto San Guillermo y sus alrededores, en la v\u00eda Salitre, mediante la obra de suministro e instalaci\u00f3n de tuber\u00eda de agua potable.<\/td>\n<\/tr>\n<tr>\n<th colspan=\"3\">\n<h2><strong>Instalaci\u00f3n de red de agua potable en la comunidad San Antonio, Cant\u00f3n Samborond\u00f3n<\/strong><\/h2>\n<\/th>\n<\/tr>\n<tr>\n<td>\n<h2><strong>Fecha<\/strong><\/h2>\n<\/td>\n<td>\n<h2><strong>Datos T\u00e9cnicos<\/strong><\/h2>\n<\/td>\n<\/tr>\n<tr>\n<td>Julio 2012<\/td>\n<td>1200 m de tuber\u00eda de 110 y 90 mm, beneficiando a 300 personas.<\/td>\n<\/tr>\n<tr>\n<th colspan=\"3\">\n<h2><strong>Regalando sonrisas en Navidad<\/strong><\/h2>\n<\/th>\n<\/tr>\n<tr>\n<td>\n<h2><strong>Fecha<\/strong><\/h2>\n<\/td>\n<td>\n<h2><strong>Datos T\u00e9cnicos<\/strong><\/h2>\n<\/td>\n<\/tr>\n<tr>\n<td>Diciembre 2010<\/td>\n<td>Agasajo navide\u00f1o a escuelas rurales del Cant\u00f3n Samborond\u00f3n, entregando juguetes, bebidas y snacks.<\/td>\n<\/tr>\n<tr>\n<th colspan=\"3\">\n<h2><strong>Difusi\u00f3n de Documentales inter\u00e9s cultural<\/strong><\/h2>\n<\/th>\n<\/tr>\n<tr>\n<td>\n<h2><strong>Fecha<\/strong><\/h2>\n<\/td>\n<td>\n<h2><strong>Datos T\u00e9cnicos<\/strong><\/h2>\n<\/td>\n<\/tr>\n<tr>\n<td>Octubre 2008<\/td>\n<td>Distribuci\u00f3n entradas gratuitas apoyando documentales en el MAAC.<\/td>\n<\/tr>\n<tr>\n<th colspan=\"3\">\n<h2><strong>ETAP Boca de Ca\u00f1a<\/strong><\/h2>\n<\/th>\n<\/tr>\n<tr>\n<td>\n<h2><strong>Fecha<\/strong><\/h2>\n<\/td>\n<td>\n<h2><strong>Datos T\u00e9cnicos<\/strong><\/h2>\n<\/td>\n<\/tr>\n<tr>\n<td>Diciembre 2007<\/td>\n<td>Se adquiri\u00f3 de la empresa OSE Rocco una Planta potabilizadora de agua con capacidad de tratamiento de 40m.<\/td>\n<\/tr>\n<tr>\n<th colspan=\"3\">\n<h2><strong>Buijo Hist\u00f3rico con redes de Agua potable<\/strong><\/h2>\n<\/th>\n<\/tr>\n<tr>\n<td>\n<h2><strong>Fecha<\/strong><\/h2>\n<\/td>\n<td>\n<h2><strong>Datos T\u00e9cnicos<\/strong><\/h2>\n<\/td>\n<\/tr>\n<tr>\n<td>Febrero 2007<\/td>\n<td>Con el ICE se implementaron redes de agua potable abasteciendo a 200 familias directamente desde tuber\u00eda y no de pileta comunal.<\/td>\n<\/tr>\n<tr>\n<th colspan=\"3\">\n<h2><strong>Pozo El Carmen<\/strong><\/h2>\n<\/th>\n<\/tr>\n<tr>\n<td>\n<h2><strong>Fecha<\/strong><\/h2>\n<\/td>\n<td>\n<h2><strong>Datos T\u00e9cnicos<\/strong><\/h2>\n<\/td>\n<\/tr>\n<tr>\n<td>Mayo 2005<\/td>\n<td>Construcci\u00f3n de pozo artesanal Hprofundidad: 110m &#8211; Suministro e instalaci\u00f3n de equipo de bombeo &#8211; Construcci\u00f3n de tanque elevado de distribuci\u00f3n.<\/td>\n<\/tr>\n<tr>\n<th colspan=\"3\">\n<h2><strong>Redes de AA.PP. &#8211; Sector La Aurora<\/strong><\/h2>\n<\/th>\n<\/tr>\n<tr>\n<td>\n<h2><strong>Fecha<\/strong><\/h2>\n<\/td>\n<td>\n<h2><strong>Datos T\u00e9cnicos<\/strong><\/h2>\n<\/td>\n<\/tr>\n<tr>\n<td>Diciembre 2004<\/td>\n<td>Suministro e instalaci\u00f3n de red de abastecimiento de agua potable en tuber\u00eda PVC &#8211; DN 63,90 y110mm &#8211; Trabajos realizados con aportaci\u00f3n del Municipio de Daule, Fundaci\u00f3n Pro-Familia y Amagua.<\/td>\n<\/tr>\n<tr>\n<th colspan=\"3\">\n<h2><strong>Pozo Boca de Ca\u00f1a<\/strong><\/h2>\n<\/th>\n<\/tr>\n<tr>\n<td>\n<h2><strong>Fecha<\/strong><\/h2>\n<\/td>\n<td>\n<h2><strong>Datos T\u00e9cnicos<\/strong><\/h2>\n<\/td>\n<\/tr>\n<tr>\n<td>Diciembre 2004<\/td>\n<td>Construcci\u00f3n de pozo artesanal Hprofundidad: 90m &#8211; Suministro e instalaci\u00f3n de equipo de bombeo &#8211; Construcci\u00f3n de tanque elevado de distribuci\u00f3n.<\/td>\n<\/tr>\n<tr>\n<th colspan=\"3\">\n<h2><strong>Pozo Monte Alto<\/strong><\/h2>\n<\/th>\n<\/tr>\n<tr>\n<td>\n<h2><strong>Fecha<\/strong><\/h2>\n<\/td>\n<td>\n<h2><strong>Datos T\u00e9cnicos<\/strong><\/h2>\n<\/td>\n<\/tr>\n<tr>\n<td>Octubre 2004<\/td>\n<td>Construcci\u00f3n de pozo artesanal Hprofundidad: 70m &#8211; Suministro e instalaci\u00f3n de equipo de bombeo &#8211; Construcci\u00f3n de tanque elevado de distribuci\u00f3n.<\/td>\n<\/tr>\n<tr>\n<th colspan=\"3\">\n<h2><strong>Pozo Guarefirme<\/strong><\/h2>\n<\/th>\n<\/tr>\n<tr>\n<td>\n<h2><strong>Fecha<\/strong><\/h2>\n<\/td>\n<td>\n<h2><strong>Datos T\u00e9cnicos<\/strong><\/h2>\n<\/td>\n<\/tr>\n<tr>\n<td>Agosto 2004<\/td>\n<td>Construcci\u00f3n de pozo artesanal Hprofundidad: 70m &#8211; Suministro e instalaci\u00f3n de equipo de bombeo &#8211; Construcci\u00f3n de tanque elevado de distribuci\u00f3n.<\/td>\n<\/tr>\n<tr>\n<th colspan=\"3\">\n<h2><strong>Pozo Barranca Central<\/strong><\/h2>\n<\/th>\n<\/tr>\n<tr>\n<td>\n<h2><strong>Fecha<\/strong><\/h2>\n<\/td>\n<td>\n<h2><strong>Datos T\u00e9cnicos<\/strong><\/h2>\n<\/td>\n<\/tr>\n<tr>\n<td>Julio 2003<\/td>\n<td>Construcci\u00f3n de pozo artesanal Hprofundidad: 60m &#8211; Suministro e instalaci\u00f3n de equipo de bombeo.<\/td>\n<\/tr>\n<\/tbody>\n<\/table>\n","protected":false},"excerpt":{"rendered":"<p>Acueducto San Guillermo Fecha Datos T\u00e9cnicos Octubre 2013 Se benefici\u00f3 a aproximadamente 200 familias en el Recinto San Guillermo y sus alrededores, en la v\u00eda Salitre, mediante la obra de suministro e instalaci\u00f3n de tuber\u00eda de agua potable. Instalaci\u00f3n de red de agua potable en la comunidad San Antonio, Cant\u00f3n Samborond\u00f3n Fecha Datos T\u00e9cnicos Julio [&hellip;]<\/p>\n","protected":false},"author":2,"featured_media":0,"parent":570,"menu_order":0,"comment_status":"closed","ping_status":"closed","template":"","meta":{"ngg_post_thumbnail":0,"footnotes":""},"class_list":["post-586","page","type-page","status-publish","hentry"],"jetpack_sharing_enabled":true,"_links":{"self":[{"href":"https:\/\/www.amagua.com\/amagua\/index.php?rest_route=\/wp\/v2\/pages\/586"}],"collection":[{"href":"https:\/\/www.amagua.com\/amagua\/index.php?rest_route=\/wp\/v2\/pages"}],"about":[{"href":"https:\/\/www.amagua.com\/amagua\/index.php?rest_route=\/wp\/v2\/types\/page"}],"author":[{"embeddable":true,"href":"https:\/\/www.amagua.com\/amagua\/index.php?rest_route=\/wp\/v2\/users\/2"}],"replies":[{"embeddable":true,"href":"https:\/\/www.amagua.com\/amagua\/index.php?rest_route=%2Fwp%2Fv2%2Fcomments&post=586"}],"version-history":[{"count":3,"href":"https:\/\/www.amagua.com\/amagua\/index.php?rest_route=\/wp\/v2\/pages\/586\/revisions"}],"predecessor-version":[{"id":2082,"href":"https:\/\/www.amagua.com\/amagua\/index.php?rest_route=\/wp\/v2\/pages\/586\/revisions\/2082"}],"up":[{"embeddable":true,"href":"https:\/\/www.amagua.com\/amagua\/index.php?rest_route=\/wp\/v2\/pages\/570"}],"wp:attachment":[{"href":"https:\/\/www.amagua.com\/amagua\/index.php?rest_route=%2Fwp%2Fv2%2Fmedia&parent=586"}],"curies":[{"name":"wp","href":"https:\/\/api.w.org\/{rel}","templated":true}]}}