{"id":594,"date":"2015-09-04T22:38:39","date_gmt":"2015-09-04T22:38:39","guid":{"rendered":"http:\/\/www.amagua.com\/amagua\/?page_id=594"},"modified":"2016-09-02T19:09:41","modified_gmt":"2016-09-02T19:09:41","slug":"rsc","status":"publish","type":"page","link":"https:\/\/www.amagua.com\/amagua\/?page_id=594","title":{"rendered":"Generalidades"},"content":{"rendered":"<p>Amagua C.E.M. alineado a los par\u00e1metros de calidad y encaminados al mejoramiento continuo entiende que el \u00e9xito en una organizaci\u00f3n es logrado a trav\u00e9s de una cultura de responsabilidad social empresarial, la cual es un compromiso voluntario que se genera con las partes interesadas en materia de desarrollo integral.<\/p>\n","protected":false},"excerpt":{"rendered":"<p>Amagua C.E.M. alineado a los par\u00e1metros de calidad y encaminados al mejoramiento continuo entiende que el \u00e9xito en una organizaci\u00f3n es logrado a trav\u00e9s de una cultura de responsabilidad social empresarial, la cual es un compromiso voluntario que se genera con las partes interesadas en materia de desarrollo integral.<\/p>\n","protected":false},"author":2,"featured_media":0,"parent":902,"menu_order":0,"comment_status":"closed","ping_status":"closed","template":"","meta":{"ngg_post_thumbnail":0,"footnotes":""},"class_list":["post-594","page","type-page","status-publish","hentry"],"jetpack_sharing_enabled":true,"_links":{"self":[{"href":"https:\/\/www.amagua.com\/amagua\/index.php?rest_route=\/wp\/v2\/pages\/594"}],"collection":[{"href":"https:\/\/www.amagua.com\/amagua\/index.php?rest_route=\/wp\/v2\/pages"}],"about":[{"href":"https:\/\/www.amagua.com\/amagua\/index.php?rest_route=\/wp\/v2\/types\/page"}],"author":[{"embeddable":true,"href":"https:\/\/www.amagua.com\/amagua\/index.php?rest_route=\/wp\/v2\/users\/2"}],"replies":[{"embeddable":true,"href":"https:\/\/www.amagua.com\/amagua\/index.php?rest_route=%2Fwp%2Fv2%2Fcomments&post=594"}],"version-history":[{"count":6,"href":"https:\/\/www.amagua.com\/amagua\/index.php?rest_route=\/wp\/v2\/pages\/594\/revisions"}],"predecessor-version":[{"id":1083,"href":"https:\/\/www.amagua.com\/amagua\/index.php?rest_route=\/wp\/v2\/pages\/594\/revisions\/1083"}],"up":[{"embeddable":true,"href":"https:\/\/www.amagua.com\/amagua\/index.php?rest_route=\/wp\/v2\/pages\/902"}],"wp:attachment":[{"href":"https:\/\/www.amagua.com\/amagua\/index.php?rest_route=%2Fwp%2Fv2%2Fmedia&parent=594"}],"curies":[{"name":"wp","href":"https:\/\/api.w.org\/{rel}","templated":true}]}}