{"id":627,"date":"2015-09-07T13:23:43","date_gmt":"2015-09-07T13:23:43","guid":{"rendered":"http:\/\/www.amagua.com\/amagua\/?page_id=627"},"modified":"2025-09-19T11:12:19","modified_gmt":"2025-09-19T16:12:19","slug":"cisterna","status":"publish","type":"page","link":"https:\/\/www.amagua.com\/amagua\/?page_id=627","title":{"rendered":"Cisterna"},"content":{"rendered":"<p>Le recordamos que el agua que suministra Amagua, ya contiene cloro, en los niveles est\u00e1ndares de calidad seg\u00fan la norma INEN 1108, y no deber\u00e1 a\u00f1adirse m\u00e1s cloro a su cisterna; porque aumentar\u00eda la concentraci\u00f3n a niveles no aceptables, pudiendo poner en peligro a su familia.<\/p>\n<table>\n<tbody>\n<tr>\n<th>\n<h2>Limpieza y Desinfecci\u00f3n de Cisternas<\/h2>\n<\/th>\n<\/tr>\n<tr>\n<td>Una cisterna debe ser limpiada y desinfectada antes de ser utilizada y posteriormente por lo menos dos veces al a\u00f1o:&nbsp;&nbsp;&nbsp;&nbsp;&nbsp;&nbsp;&nbsp;<\/p>\n<h3>\u00bfPor qu\u00e9 limpiar una cisterna?<\/h3>\n<p class=\"normality\">Todo recipiente sea este un vaso, un tanque o una cisterna, donde se almacena agua, luego de un tiempo se adhiere a sus paredes, la cual debe ser limpiada con regularidad de acuerdo a su grado de permanencia est\u00e1tica.<\/p>\n<p>Cuando no se emplea la cisterna por un tiempo, el agua estancada sin movimiento se deteriora, y esta no podr\u00e1 ser empleada para el consumo humano. Siempre se deber\u00e1 desechar el agua, por ejemplo en riego; y es necesario limpiar el reservorio.<\/p>\n<h3>\u00bfQu\u00e9 hace Amagua para limpiar una cisterna?<\/h3>\n<p>Le contamos sobre el proceso de Limpieza dura un aproximado de 15 a 30 minutos, todo depende del tama\u00f1o de la cisterna es importante NO cerrar la llave de paso del medidor ya que no es necesario. Lo que se requiere es que la cisterna se encuentre llena puesto que actualmente la limpieza, se realiza con el ingreso de una aspiradora con la cual retiramos el sedimento de la cisterna y desinfectamos con ozono.<\/p>\n<p><a href=\"https:\/\/www.amagua.com\/amagua\/wp-content\/uploads\/2023\/06\/Captura-de-Pantalla-2023-05-16-a-las-16.20.59.png\"><img loading=\"lazy\" decoding=\"async\" class=\"wp-image-2457 aligncenter\" src=\"https:\/\/www.amagua.com\/amagua\/wp-content\/uploads\/2023\/06\/Captura-de-Pantalla-2023-05-16-a-las-16.20.59.png\" alt=\"\" width=\"530\" height=\"481\" srcset=\"https:\/\/www.amagua.com\/amagua\/wp-content\/uploads\/2023\/06\/Captura-de-Pantalla-2023-05-16-a-las-16.20.59.png 1207w, https:\/\/www.amagua.com\/amagua\/wp-content\/uploads\/2023\/06\/Captura-de-Pantalla-2023-05-16-a-las-16.20.59-300x272.png 300w, https:\/\/www.amagua.com\/amagua\/wp-content\/uploads\/2023\/06\/Captura-de-Pantalla-2023-05-16-a-las-16.20.59-1024x930.png 1024w, https:\/\/www.amagua.com\/amagua\/wp-content\/uploads\/2023\/06\/Captura-de-Pantalla-2023-05-16-a-las-16.20.59-768x697.png 768w\" sizes=\"(max-width: 530px) 100vw, 530px\" \/><\/a><\/td>\n<\/tr>\n<tr>\n<td style=\"text-align: left;\">\n<form action=\"https:\/\/www.amagua.com\/formulario_dinamico\/\" method=\"post\" name=\"formulario\" target=\"_blank\"><!-- Datos del formulario --><br \/>\n<input name=\"form\" type=\"hidden\" value=\"Solicitud_para_Limpieza_y_Desinfecci\u00f3n_de_Cisternas\"><br \/>\n<!-- Bot\u00f3n de env\u00edo de formulario con imagen --><br \/>\n<input alt=\"Enviar\" height=\"32\" src=\"https:\/\/www.amagua.com\/amagua\/wp-content\/uploads\/2018\/10\/envamg.png\" type=\"image\" width=\"32\"><br \/>\n<strong>Solicite aqu\u00ed<\/strong><\/form>\n<\/td>\n<\/tr>\n<tr>\n<th>\n<h2>Para mayor informaci\u00f3n escanea el c\u00f3digo QR<\/h2>\n<h2><a href=\"https:\/\/www.amagua.com\/amagua\/wp-content\/uploads\/2023\/06\/QR-_Celular_Cisternas_Amagua.png\"><img loading=\"lazy\" decoding=\"async\" class=\"wp-image-2458 alignnone\" src=\"https:\/\/www.amagua.com\/amagua\/wp-content\/uploads\/2023\/06\/QR-_Celular_Cisternas_Amagua.png\" alt=\"\" width=\"100\" height=\"100\" srcset=\"https:\/\/www.amagua.com\/amagua\/wp-content\/uploads\/2023\/06\/QR-_Celular_Cisternas_Amagua.png 400w, https:\/\/www.amagua.com\/amagua\/wp-content\/uploads\/2023\/06\/QR-_Celular_Cisternas_Amagua-300x300.png 300w, https:\/\/www.amagua.com\/amagua\/wp-content\/uploads\/2023\/06\/QR-_Celular_Cisternas_Amagua-150x150.png 150w\" sizes=\"(max-width: 100px) 100vw, 100px\" \/><\/a><\/h2>\n<p>&nbsp;<\/p>\n<h2>Convenio de limpieza de Cisterna<\/h2>\n<\/th>\n<\/tr>\n<tr>\n<td>Tambi\u00e9n puede solicitar un convenio diferido en 12 cuotas en su factura el cual consiste en 3 limpiezas programadas en el a\u00f1o, cerca de cada fecha se le enviar\u00e1 un recordatorio para coordinar la visita.<\/td>\n<\/tr>\n<tr>\n<td style=\"text-align: left;\"><a href=\"https:\/\/www.amagua.com\/amagua\/wp-content\/uploads\/2025\/09\/RCIT_51_07-Convenio-de-prestacion-de-servicio-de-limpieza-de-cisterna-Rev.15.pdf\" target=\"_blank\" rel=\"noopener\"><img loading=\"lazy\" decoding=\"async\" class=\"alignnone\" src=\"https:\/\/www.amagua.com\/amagua\/wp-content\/uploads\/2018\/10\/reqamg.png\" alt=\"\" width=\"32\" height=\"32\"><\/a><br \/>\n<strong>Formulario<\/strong><\/td>\n<\/tr>\n<tr>\n<th>\n<h2>Trabajo Adicional<\/h2>\n<\/th>\n<\/tr>\n<tr>\n<td>Nuestro personal est\u00e1 capacitado para realizar trabajos adicionales a la limpieza de cisterna, tales como: cambio de boya, limpieza y pintada de tapa, cambio de absorbente e impermeabilizaci\u00f3n.<\/td>\n<\/tr>\n<tr>\n<td style=\"text-align: left;\">\n<form action=\"https:\/\/www.amagua.com\/formulario_dinamico\/\" method=\"post\" name=\"formulario\" target=\"_blank\"><!-- Datos del formulario --><br \/>\n<input name=\"form\" type=\"hidden\" value=\"Solicitud_para_Trabajo_Adicional\"><br \/>\n<!-- Bot\u00f3n de env\u00edo de formulario con imagen --><br \/>\n<input alt=\"Enviar\" height=\"32\" src=\"https:\/\/www.amagua.com\/amagua\/wp-content\/uploads\/2018\/10\/envamg.png\" type=\"image\" width=\"32\"><br \/>\n<strong>Solic\u00edtelo aqu\u00ed!<\/strong><\/form>\n<\/td>\n<\/tr>\n<\/tbody>\n<\/table>\n","protected":false},"excerpt":{"rendered":"<p>Le recordamos que el agua que suministra Amagua, ya contiene cloro, en los niveles est\u00e1ndares de calidad seg\u00fan la norma INEN 1108, y no deber\u00e1 a\u00f1adirse m\u00e1s cloro a su cisterna; porque aumentar\u00eda la concentraci\u00f3n a niveles no aceptables, pudiendo poner en peligro a su familia. Limpieza y Desinfecci\u00f3n de Cisternas Una cisterna debe ser [&hellip;]<\/p>\n","protected":false},"author":2,"featured_media":0,"parent":498,"menu_order":0,"comment_status":"closed","ping_status":"closed","template":"","meta":{"ngg_post_thumbnail":0,"footnotes":""},"class_list":["post-627","page","type-page","status-publish","hentry"],"jetpack_sharing_enabled":true,"_links":{"self":[{"href":"https:\/\/www.amagua.com\/amagua\/index.php?rest_route=\/wp\/v2\/pages\/627"}],"collection":[{"href":"https:\/\/www.amagua.com\/amagua\/index.php?rest_route=\/wp\/v2\/pages"}],"about":[{"href":"https:\/\/www.amagua.com\/amagua\/index.php?rest_route=\/wp\/v2\/types\/page"}],"author":[{"embeddable":true,"href":"https:\/\/www.amagua.com\/amagua\/index.php?rest_route=\/wp\/v2\/users\/2"}],"replies":[{"embeddable":true,"href":"https:\/\/www.amagua.com\/amagua\/index.php?rest_route=%2Fwp%2Fv2%2Fcomments&post=627"}],"version-history":[{"count":29,"href":"https:\/\/www.amagua.com\/amagua\/index.php?rest_route=\/wp\/v2\/pages\/627\/revisions"}],"predecessor-version":[{"id":2900,"href":"https:\/\/www.amagua.com\/amagua\/index.php?rest_route=\/wp\/v2\/pages\/627\/revisions\/2900"}],"up":[{"embeddable":true,"href":"https:\/\/www.amagua.com\/amagua\/index.php?rest_route=\/wp\/v2\/pages\/498"}],"wp:attachment":[{"href":"https:\/\/www.amagua.com\/amagua\/index.php?rest_route=%2Fwp%2Fv2%2Fmedia&parent=627"}],"curies":[{"name":"wp","href":"https:\/\/api.w.org\/{rel}","templated":true}]}}