{"id":636,"date":"2015-09-07T13:41:12","date_gmt":"2015-09-07T13:41:12","guid":{"rendered":"http:\/\/www.amagua.com\/amagua\/?page_id=636"},"modified":"2015-10-01T16:56:23","modified_gmt":"2015-10-01T16:56:23","slug":"programas","status":"publish","type":"page","link":"https:\/\/www.amagua.com\/amagua\/?page_id=636","title":{"rendered":"Programas"},"content":{"rendered":"<h2>\u00abGotito ense\u00f1a\u00bb<\/h2>\n<p>Programa para ni\u00f1os donde se muestra a la mascota de Amagua \u201cGotito\u201d y personal de la empresa exponiendo consejos acerca de ahorro y buen uso del agua, todo esto tambi\u00e9n a trav\u00e9s de un libro para colorear. Este programa es propicio para escuelas, comunas del sector y ni\u00f1os que visitan nuestras oficinas.<\/p>\n<div class=\"wrap-div\">\n<div><img loading=\"lazy\" decoding=\"async\" src=\"http:\/\/www.amagua.com\/amagua\/wp-content\/uploads\/2015\/09\/IMG_1081.jpg\" alt=\"\" width=\"380\" height=\"206\" \/><\/div>\n<div><img loading=\"lazy\" decoding=\"async\" src=\"http:\/\/www.amagua.com\/amagua\/wp-content\/uploads\/2015\/09\/IMG_1446-1.jpg\" alt=\"\" width=\"430\" height=\"206\" \/><\/div>\n<\/div>\n","protected":false},"excerpt":{"rendered":"<p>\u00abGotito ense\u00f1a\u00bb Programa para ni\u00f1os donde se muestra a la mascota de Amagua \u201cGotito\u201d y personal de la empresa exponiendo consejos acerca de ahorro y buen uso del agua, todo esto tambi\u00e9n a trav\u00e9s de un libro para colorear. Este programa es propicio para escuelas, comunas del sector y ni\u00f1os que visitan nuestras oficinas.<\/p>\n","protected":false},"author":2,"featured_media":0,"parent":902,"menu_order":0,"comment_status":"closed","ping_status":"closed","template":"","meta":{"ngg_post_thumbnail":0,"footnotes":""},"class_list":["post-636","page","type-page","status-publish","hentry"],"jetpack_sharing_enabled":true,"_links":{"self":[{"href":"https:\/\/www.amagua.com\/amagua\/index.php?rest_route=\/wp\/v2\/pages\/636"}],"collection":[{"href":"https:\/\/www.amagua.com\/amagua\/index.php?rest_route=\/wp\/v2\/pages"}],"about":[{"href":"https:\/\/www.amagua.com\/amagua\/index.php?rest_route=\/wp\/v2\/types\/page"}],"author":[{"embeddable":true,"href":"https:\/\/www.amagua.com\/amagua\/index.php?rest_route=\/wp\/v2\/users\/2"}],"replies":[{"embeddable":true,"href":"https:\/\/www.amagua.com\/amagua\/index.php?rest_route=%2Fwp%2Fv2%2Fcomments&post=636"}],"version-history":[{"count":4,"href":"https:\/\/www.amagua.com\/amagua\/index.php?rest_route=\/wp\/v2\/pages\/636\/revisions"}],"predecessor-version":[{"id":832,"href":"https:\/\/www.amagua.com\/amagua\/index.php?rest_route=\/wp\/v2\/pages\/636\/revisions\/832"}],"up":[{"embeddable":true,"href":"https:\/\/www.amagua.com\/amagua\/index.php?rest_route=\/wp\/v2\/pages\/902"}],"wp:attachment":[{"href":"https:\/\/www.amagua.com\/amagua\/index.php?rest_route=%2Fwp%2Fv2%2Fmedia&parent=636"}],"curies":[{"name":"wp","href":"https:\/\/api.w.org\/{rel}","templated":true}]}}