{"id":643,"date":"2015-09-07T13:50:26","date_gmt":"2015-09-07T13:50:26","guid":{"rendered":"http:\/\/www.amagua.com\/amagua\/?page_id=643"},"modified":"2021-06-17T16:11:14","modified_gmt":"2021-06-17T21:11:14","slug":"gestiones","status":"publish","type":"page","link":"https:\/\/www.amagua.com\/amagua\/?page_id=643","title":{"rendered":"Gestiones"},"content":{"rendered":"\n<table class=\"wp-block-table\"><tbody><tr><td style=\"text-align:center\"><strong><h2>Fecha<\/h2><\/strong><\/td><td style=\"text-align:center\"><strong><h2>Nombre de Obra<\/h2><\/strong><\/td><td style=\"text-align:center\"><strong><h2>Descripci\u00f3n<\/h2><\/strong><\/td><\/tr><tr><td>Permanente<\/td><td style=\"text-align:center\"><strong>Sociales, deportivos y culturales<\/strong><\/td><td>Participaci\u00f3n y apoyo a eventos de inter\u00e9s social, deportivos y cultural que se desarrollan en el Cant\u00f3n Samborond\u00f3n y Daule.<\/td><\/tr><tr><td>2016<\/td><td style=\"text-align:center\"><strong>Dise\u00f1o red de saneamiento Barranca<\/strong><\/td><td>Suministro e instalaci\u00f3n de tuber\u00eda PVC para recolecci\u00f3n y transporte de aguas lluvias y aguas servidas. Beneficia a Rcto. Barranca Central.<\/td><\/tr><tr><td>2015<\/td><td style=\"text-align:center\"><strong>Red de saneamiento Recinto San Nicol\u00e1s<\/strong><\/td><td>Suministro e instalaci\u00f3n de tuber\u00edas PVC para la construcci\u00f3n de redes de aguas servidas y drenaje pluvial y que beneficia al Rcto. San Nicol\u00e1s.<\/td><\/tr><tr><td>2015<\/td><td style=\"text-align:center\"><strong>Edar Buijo Hist\u00f3rico<\/strong><\/td><td>Construcci\u00f3n de la planta de tratamiento de aguas residuales con capacidad de 300 m3\/d\u00eda de depuraci\u00f3n (en proceso) y beneficiara al Rcto. Buijo Hist\u00f3rico.<\/td><\/tr><tr><td>2013<\/td><td style=\"text-align:center\"><strong>EDAR Parroquia Tarifa<\/strong><\/td><td>Se construy\u00f3 toda la obra civil (excavaci\u00f3n, relleno, tanques de hormig\u00f3n, pasarelas, entre otros) para el futuro funcionamiento de la estaci\u00f3n depuradora de aguas residuales Tarifa, con una capacidad de tratamiento de 1500 m\u00b3\/d\u00eda, que beneficiar\u00e1 inicialmente a 5000 personas de la Parroquia rural Tarifa. La EDAR cuenta con las siguientes unidades: tanque homogeneizador, tanque de aireaci\u00f3n, tratamiento de lodos (digestor de lodos) y decantaci\u00f3n (clarificador).<\/td><\/tr><tr><td>2013<\/td><td style=\"text-align:center\"><strong>Instalaci\u00f3n de red de agua potable en Recinto San Guillermo, Cant\u00f3n Samborond\u00f3n<\/strong><\/td><td>Se benefici\u00f3 a aproximadamente 200 familias en el Recinto San Guillermo y sus alrededores, en la v\u00eda Salitre, mediante la obra de suministro e instalaci\u00f3n de tuber\u00eda de agua potable.<\/td><\/tr><tr><td>2013<\/td><td style=\"text-align:center\"><strong>Convenio con Canal de Isabel II Gesti\u00f3n<\/strong><\/td><td>Se celebr\u00f3 convenio de colaboraci\u00f3n con Canal de Isabel II Gesti\u00f3n para la ejecuci\u00f3n de un proyecto de cooperaci\u00f3n al desarrollo para garantizar el abastecimiento de agua potable en los recintos El Chorr\u00f3n y Palo Blanco del cant\u00f3n Samborond\u00f3n, mediante la construcci\u00f3n de pozos y redes de distribuci\u00f3n del agua.<\/td><\/tr><tr><td>2012<\/td><td style=\"text-align:center\"><strong>Instalaci\u00f3n de red de agua potable en la comunidad San Antonio, Cant\u00f3n Samborond\u00f3n<\/strong><\/td><td>Suministro de 1200 m de tuber\u00eda de 110 y 90 mm, beneficiando a 300 personas.<\/td><\/tr><tr><td>2008<\/td><td style=\"text-align:center\"><strong>Difusi\u00f3n de Documentales inter\u00e9s cultural<\/strong><\/td><td>Distribuci\u00f3n entradas gratuitas apoyando documentales en el MAAC.<\/td><\/tr><tr><td>2007<\/td><td style=\"text-align:center\"><strong>ETAP Boca de Ca\u00f1a<\/strong><\/td><td>Se adquiri\u00f3 de la empresa OSE Rocco una Planta potabilizadora de agua con capacidad de tratamiento de 40m.<\/td><\/tr><tr><td>2007<\/td><td style=\"text-align:center\"><strong>Pozo El Carmen<\/strong><\/td><td>Construcci\u00f3n de pozo artesanal Hprofundidad: 110m \u2013 Suministro e instalaci\u00f3n de equipo de bombeo \u2013 Construcci\u00f3n de tanque elevado de distribuci\u00f3n.<\/td><\/tr><tr><td>2004<\/td><td style=\"text-align:center\"><strong>Pozo Boca de Ca\u00f1a<\/strong><\/td><td>Construcci\u00f3n de pozo artesanal Hprofundidad: 90m \u2013 Suministro e instalaci\u00f3n de equipo de bombeo \u2013 Construcci\u00f3n de tanque elevado de distribuci\u00f3n.<\/td><\/tr><tr><td>2004<\/td><td style=\"text-align:center\"><strong>Pozo Guarefirme<\/strong><\/td><td>Construcci\u00f3n de pozo artesanal Hprofundidad: 70m \u2013 Suministro e instalaci\u00f3n de equipo de bombeo \u2013 Construcci\u00f3n de tanque elevado de distribuci\u00f3n.<\/td><\/tr><tr><td>2003<\/td><td style=\"text-align:center\"><strong>Pozo Barranca Central<\/strong><\/td><td>Construcci\u00f3n de pozo artesanal Hprofundidad: 60m \u2013 Suministro e instalaci\u00f3n de equipo de bombeo.<\/td><\/tr><\/tbody><\/table>\n\n\n\n<p><\/p>\n","protected":false},"excerpt":{"rendered":"<p>Fecha Nombre de Obra Descripci\u00f3n Permanente Sociales, deportivos y culturales Participaci\u00f3n y apoyo a eventos de inter\u00e9s social, deportivos y cultural que se desarrollan en el Cant\u00f3n Samborond\u00f3n y Daule. 2016 Dise\u00f1o red de saneamiento Barranca Suministro e instalaci\u00f3n de tuber\u00eda PVC para recolecci\u00f3n y transporte de aguas lluvias y aguas servidas. Beneficia a Rcto. [&hellip;]<\/p>\n","protected":false},"author":2,"featured_media":0,"parent":902,"menu_order":0,"comment_status":"closed","ping_status":"closed","template":"","meta":{"ngg_post_thumbnail":0,"footnotes":""},"class_list":["post-643","page","type-page","status-publish","hentry"],"jetpack_sharing_enabled":true,"_links":{"self":[{"href":"https:\/\/www.amagua.com\/amagua\/index.php?rest_route=\/wp\/v2\/pages\/643"}],"collection":[{"href":"https:\/\/www.amagua.com\/amagua\/index.php?rest_route=\/wp\/v2\/pages"}],"about":[{"href":"https:\/\/www.amagua.com\/amagua\/index.php?rest_route=\/wp\/v2\/types\/page"}],"author":[{"embeddable":true,"href":"https:\/\/www.amagua.com\/amagua\/index.php?rest_route=\/wp\/v2\/users\/2"}],"replies":[{"embeddable":true,"href":"https:\/\/www.amagua.com\/amagua\/index.php?rest_route=%2Fwp%2Fv2%2Fcomments&post=643"}],"version-history":[{"count":7,"href":"https:\/\/www.amagua.com\/amagua\/index.php?rest_route=\/wp\/v2\/pages\/643\/revisions"}],"predecessor-version":[{"id":2153,"href":"https:\/\/www.amagua.com\/amagua\/index.php?rest_route=\/wp\/v2\/pages\/643\/revisions\/2153"}],"up":[{"embeddable":true,"href":"https:\/\/www.amagua.com\/amagua\/index.php?rest_route=\/wp\/v2\/pages\/902"}],"wp:attachment":[{"href":"https:\/\/www.amagua.com\/amagua\/index.php?rest_route=%2Fwp%2Fv2%2Fmedia&parent=643"}],"curies":[{"name":"wp","href":"https:\/\/api.w.org\/{rel}","templated":true}]}}