{"id":668,"date":"2015-09-07T21:04:47","date_gmt":"2015-09-07T21:04:47","guid":{"rendered":"http:\/\/www.amagua.com\/amagua\/?page_id=668"},"modified":"2017-02-23T20:23:26","modified_gmt":"2017-02-23T20:23:26","slug":"mantenimiento-de-instalaciones-domiciliarias","status":"publish","type":"page","link":"https:\/\/www.amagua.com\/amagua\/?page_id=668","title":{"rendered":"Mantenimiento de Instalaciones Domiciliarias"},"content":{"rendered":"<ul>\n<li class=\"vi\u00f1eta\">Las cisternas o tanques de almacenamiento de agua potable deben limpiarse y desinfectarse al menos 3 veces al a\u00f1o.<\/li>\n<li class=\"vi\u00f1eta\">Cuando realiza reparaciones o remodelaciones que impliquen obras civiles, aunque sean m\u00ednimas recuerde identificar el paso de las redes sanitarias, para evitar aver\u00edas, y en caso de realizar un cambio actualice los planos respectivos.<\/li>\n<li class=\"vi\u00f1eta\">En caso de tener tuber\u00edas de hierro, en lo posible realice cambio a PVC o alg\u00fan otro material que asegure la calidad del agua por mayor tiempo posible.<\/li>\n<li class=\"vi\u00f1eta\">Si no emplea la cisterna o tanques de almacenamiento por un largo periodo de tiempo, evite utilizar el agua para consumo humano, y se deber\u00e1 realizar una limpieza antes de su uso.<\/li>\n<li class=\"vi\u00f1eta\">Peri\u00f3dicamente, revise el estado de los accesorios con mayor riesgo de aver\u00edas que generan fugas: llaves da\u00f1adas, boyas de inodoros, boyas y llaves de cisternas, conexiones a lavadoras, etc.<\/li>\n<li class=\"vi\u00f1eta\">No coloque objetos sobre la tapa de la cisterna que puedan da\u00f1arla.<\/li>\n<li class=\"vi\u00f1eta\">Mantenga despejada el \u00e1rea del medidor de agua; para que el personal puede realizar lecturas o mantenimientos cuando sea necesario.<\/li>\n<\/ul>\n<p><img loading=\"lazy\" decoding=\"async\" src=\"https:\/\/www.amagua.com\/amagua\/wp-content\/uploads\/2015\/09\/mantenimiento_instalaciones1.jpg\" alt=\"mantenimiento instalaciones\" width=\"406\" height=\"187\" \/><\/p>\n","protected":false},"excerpt":{"rendered":"<p>Las cisternas o tanques de almacenamiento de agua potable deben limpiarse y desinfectarse al menos 3 veces al a\u00f1o. Cuando realiza reparaciones o remodelaciones que impliquen obras civiles, aunque sean m\u00ednimas recuerde identificar el paso de las redes sanitarias, para evitar aver\u00edas, y en caso de realizar un cambio actualice los planos respectivos. En caso [&hellip;]<\/p>\n","protected":false},"author":2,"featured_media":0,"parent":329,"menu_order":0,"comment_status":"closed","ping_status":"closed","template":"","meta":{"ngg_post_thumbnail":0,"footnotes":""},"class_list":["post-668","page","type-page","status-publish","hentry"],"jetpack_sharing_enabled":true,"_links":{"self":[{"href":"https:\/\/www.amagua.com\/amagua\/index.php?rest_route=\/wp\/v2\/pages\/668"}],"collection":[{"href":"https:\/\/www.amagua.com\/amagua\/index.php?rest_route=\/wp\/v2\/pages"}],"about":[{"href":"https:\/\/www.amagua.com\/amagua\/index.php?rest_route=\/wp\/v2\/types\/page"}],"author":[{"embeddable":true,"href":"https:\/\/www.amagua.com\/amagua\/index.php?rest_route=\/wp\/v2\/users\/2"}],"replies":[{"embeddable":true,"href":"https:\/\/www.amagua.com\/amagua\/index.php?rest_route=%2Fwp%2Fv2%2Fcomments&post=668"}],"version-history":[{"count":4,"href":"https:\/\/www.amagua.com\/amagua\/index.php?rest_route=\/wp\/v2\/pages\/668\/revisions"}],"predecessor-version":[{"id":1151,"href":"https:\/\/www.amagua.com\/amagua\/index.php?rest_route=\/wp\/v2\/pages\/668\/revisions\/1151"}],"up":[{"embeddable":true,"href":"https:\/\/www.amagua.com\/amagua\/index.php?rest_route=\/wp\/v2\/pages\/329"}],"wp:attachment":[{"href":"https:\/\/www.amagua.com\/amagua\/index.php?rest_route=%2Fwp%2Fv2%2Fmedia&parent=668"}],"curies":[{"name":"wp","href":"https:\/\/api.w.org\/{rel}","templated":true}]}}