{"id":676,"date":"2015-09-07T21:11:03","date_gmt":"2015-09-07T21:11:03","guid":{"rendered":"http:\/\/www.amagua.com\/amagua\/?page_id=676"},"modified":"2017-02-23T20:24:00","modified_gmt":"2017-02-23T20:24:00","slug":"ahorre-agua","status":"publish","type":"page","link":"https:\/\/www.amagua.com\/amagua\/?page_id=676","title":{"rendered":"Ahorre Agua"},"content":{"rendered":"<ul>\n<li class=\"vi\u00f1eta\">Repare lo m\u00e1s pronto posible: llaves, acoples, mangueras, boyas, sapitos del inodoro, y otros accesorios propensos a fugas.<\/li>\n<li class=\"vi\u00f1eta\">No barra o baldee con un chorro de agua de la manguera. Es lento y caro.<\/li>\n<li class=\"vi\u00f1eta\">Evite descargar el inodoro si no es necesario.<\/li>\n<li class=\"vi\u00f1eta\">No deje la llave abierta mientras se afeita o lava los dientes. Tampoco mientras lava la vajilla o el autom\u00f3vil.<\/li>\n<li class=\"vi\u00f1eta\">Riegue el jard\u00edn durante las \u00faltimas horas del d\u00eda, para reducir la p\u00e9rdida de agua por evaporaci\u00f3n.<\/li>\n<\/ul>\n<p><img decoding=\"async\" src=\"https:\/\/www.amagua.com\/amagua\/wp-content\/uploads\/2015\/09\/ahorre_agua-1.jpg\" alt=\"\" \/><\/p>\n<p><strong>CONSUMOS NORMALES ESTIMADOS DE AGUA POTABLE<\/strong><\/p>\n<p><strong><img decoding=\"async\" src=\"https:\/\/www.amagua.com\/amagua\/wp-content\/uploads\/2015\/09\/consunmos-2.jpg\" alt=\"\" \/><\/strong><\/p>\n<p>&nbsp;<\/p>\n<p><strong>CONSUMOS CON DERROCHES INNECESARIOS<\/strong><\/p>\n<p><span class=\"style8\"><strong>Una llave que gotea:<\/strong><\/span><br \/>\nDesperdicia m\u00e1s de 3.000 litros mensuales<\/p>\n<p><span class=\"style8\"><strong>Una llave con chorro peque\u00f1o:<\/strong><\/span><br \/>\nDesperdicia m\u00e1s de 9.000 litros mensuales<\/p>\n<p><span class=\"style8\"><strong>Una llave con chorro grande:<\/strong><\/span><br \/>\nDesperdicia m\u00e1s de 18.000 litros mensuales<\/p>\n<p><span class=\"style8\"><strong>Un tanque elevado con flotador da\u00f1ado:<\/strong><\/span><br \/>\nDesperdicia m\u00e1s de 70.000 litros mensuales<\/p>\n<p><span class=\"style8\"><strong>Un inodoro con flotador da\u00f1ado:<\/strong><\/span><br \/>\nDesperdicia m\u00e1s de 49.000 litros mensuales<\/p>\n","protected":false},"excerpt":{"rendered":"<p>Repare lo m\u00e1s pronto posible: llaves, acoples, mangueras, boyas, sapitos del inodoro, y otros accesorios propensos a fugas. No barra o baldee con un chorro de agua de la manguera. Es lento y caro. Evite descargar el inodoro si no es necesario. No deje la llave abierta mientras se afeita o lava los dientes. Tampoco [&hellip;]<\/p>\n","protected":false},"author":2,"featured_media":0,"parent":329,"menu_order":0,"comment_status":"closed","ping_status":"closed","template":"","meta":{"ngg_post_thumbnail":0,"footnotes":""},"class_list":["post-676","page","type-page","status-publish","hentry"],"jetpack_sharing_enabled":true,"_links":{"self":[{"href":"https:\/\/www.amagua.com\/amagua\/index.php?rest_route=\/wp\/v2\/pages\/676"}],"collection":[{"href":"https:\/\/www.amagua.com\/amagua\/index.php?rest_route=\/wp\/v2\/pages"}],"about":[{"href":"https:\/\/www.amagua.com\/amagua\/index.php?rest_route=\/wp\/v2\/types\/page"}],"author":[{"embeddable":true,"href":"https:\/\/www.amagua.com\/amagua\/index.php?rest_route=\/wp\/v2\/users\/2"}],"replies":[{"embeddable":true,"href":"https:\/\/www.amagua.com\/amagua\/index.php?rest_route=%2Fwp%2Fv2%2Fcomments&post=676"}],"version-history":[{"count":3,"href":"https:\/\/www.amagua.com\/amagua\/index.php?rest_route=\/wp\/v2\/pages\/676\/revisions"}],"predecessor-version":[{"id":1152,"href":"https:\/\/www.amagua.com\/amagua\/index.php?rest_route=\/wp\/v2\/pages\/676\/revisions\/1152"}],"up":[{"embeddable":true,"href":"https:\/\/www.amagua.com\/amagua\/index.php?rest_route=\/wp\/v2\/pages\/329"}],"wp:attachment":[{"href":"https:\/\/www.amagua.com\/amagua\/index.php?rest_route=%2Fwp%2Fv2%2Fmedia&parent=676"}],"curies":[{"name":"wp","href":"https:\/\/api.w.org\/{rel}","templated":true}]}}