{"id":683,"date":"2015-09-07T21:17:45","date_gmt":"2015-09-07T21:17:45","guid":{"rendered":"http:\/\/www.amagua.com\/amagua\/?page_id=683"},"modified":"2015-10-01T12:47:16","modified_gmt":"2015-10-01T12:47:16","slug":"buen-uso-de-alcantarillado","status":"publish","type":"page","link":"https:\/\/www.amagua.com\/amagua\/?page_id=683","title":{"rendered":"Buen Uso de Alcantarillado"},"content":{"rendered":"<ul>\n<li class=\"vi\u00f1eta\">No arroje objetos, ni desperdicios, piedras, grasa o arena en los lavabos, o inodoro.<\/li>\n<li class=\"vi\u00f1eta\">Retire los residuos de comida o grasa de recipientes o vajilla antes de lavarlos.<\/li>\n<li class=\"vi\u00f1eta\">Evite dejar caer cabellos en el lavamanos o la tina o l\u00edmpielos constantemente.<\/li>\n<li class=\"vi\u00f1eta\">Vierta peri\u00f3dicamente agua caliente por las ca\u00f1er\u00edas para disolver los dep\u00f3sitos de grasa.<\/li>\n<li class=\"vi\u00f1eta\">Limpie con regularidad las trampas y sifones.<\/li>\n<li class=\"vi\u00f1eta\">Evite da\u00f1os en el funcionamiento del inodoro, no arroje objetos s\u00f3lidos o papeles.<\/li>\n<\/ul>\n","protected":false},"excerpt":{"rendered":"<p>No arroje objetos, ni desperdicios, piedras, grasa o arena en los lavabos, o inodoro. Retire los residuos de comida o grasa de recipientes o vajilla antes de lavarlos. Evite dejar caer cabellos en el lavamanos o la tina o l\u00edmpielos constantemente. Vierta peri\u00f3dicamente agua caliente por las ca\u00f1er\u00edas para disolver los dep\u00f3sitos de grasa. Limpie [&hellip;]<\/p>\n","protected":false},"author":2,"featured_media":0,"parent":329,"menu_order":0,"comment_status":"closed","ping_status":"closed","template":"","meta":{"ngg_post_thumbnail":0,"footnotes":""},"class_list":["post-683","page","type-page","status-publish","hentry"],"jetpack_sharing_enabled":true,"_links":{"self":[{"href":"https:\/\/www.amagua.com\/amagua\/index.php?rest_route=\/wp\/v2\/pages\/683"}],"collection":[{"href":"https:\/\/www.amagua.com\/amagua\/index.php?rest_route=\/wp\/v2\/pages"}],"about":[{"href":"https:\/\/www.amagua.com\/amagua\/index.php?rest_route=\/wp\/v2\/types\/page"}],"author":[{"embeddable":true,"href":"https:\/\/www.amagua.com\/amagua\/index.php?rest_route=\/wp\/v2\/users\/2"}],"replies":[{"embeddable":true,"href":"https:\/\/www.amagua.com\/amagua\/index.php?rest_route=%2Fwp%2Fv2%2Fcomments&post=683"}],"version-history":[{"count":2,"href":"https:\/\/www.amagua.com\/amagua\/index.php?rest_route=\/wp\/v2\/pages\/683\/revisions"}],"predecessor-version":[{"id":855,"href":"https:\/\/www.amagua.com\/amagua\/index.php?rest_route=\/wp\/v2\/pages\/683\/revisions\/855"}],"up":[{"embeddable":true,"href":"https:\/\/www.amagua.com\/amagua\/index.php?rest_route=\/wp\/v2\/pages\/329"}],"wp:attachment":[{"href":"https:\/\/www.amagua.com\/amagua\/index.php?rest_route=%2Fwp%2Fv2%2Fmedia&parent=683"}],"curies":[{"name":"wp","href":"https:\/\/api.w.org\/{rel}","templated":true}]}}