{"id":691,"date":"2015-09-07T21:22:20","date_gmt":"2015-09-07T21:22:20","guid":{"rendered":"http:\/\/www.amagua.com\/amagua\/?page_id=691"},"modified":"2015-10-01T12:47:21","modified_gmt":"2015-10-01T12:47:21","slug":"limpieza-de-cisternas","status":"publish","type":"page","link":"https:\/\/www.amagua.com\/amagua\/?page_id=691","title":{"rendered":"Limpieza de Cisternas"},"content":{"rendered":"<p><strong>\u00bfPorqu\u00e9 limpiar una cisterna?<\/strong><\/p>\n<p>Todo recipiente de agua, sea este un vaso, un tanque o una cisterna,\u00a0luego de un tiempo de permanencia genera\u00a0en sus paredes hongos o bacterias que bajan la calidad del agua almacenada. Esta situaci\u00f3n es m\u00e1s cr\u00edtica cuando el agua se encuentra estancada sin movimiento por un largo periodo, como suele ocurrir al no emplear la cisterna. Cuando no se haya empleado una cisterna por un tiempo importante,\u00a0el agua no podr\u00e1 ser empleada para el consumo humano, sin embargo se puede emplear para el riego o limpieza de viviendas.<\/p>\n<p><strong>\u00bfQu\u00e9 hace Amagua para limpiar una cisterna?<\/strong><\/p>\n<ul>\n<li>La limpieza de los reservorios, se realiza con cloro de baja concentraci\u00f3n, empleando cepillos, esponjas, o trapos de acuerdo al material de las paredes, y el grado de limpieza necesaria.<\/li>\n<\/ul>\n<ul>\n<li>La desinfecci\u00f3n de las paredes se realiza con cloro con alta concentraci\u00f3n, el cual se deja actuar por unos minutos, para luego retirarlo con abundante agua, para asegurar que se retire el exceso de cloro.<\/li>\n<\/ul>\n<ul>\n<li>Es recomendable que luego de la limpieza y llenado de la cisterna, se abran todas las llaves dejando correr el agua, para que libere el cloro y realice una limpieza elemental de las tuber\u00edas e instalaciones.<\/li>\n<\/ul>\n","protected":false},"excerpt":{"rendered":"<p>\u00bfPorqu\u00e9 limpiar una cisterna? Todo recipiente de agua, sea este un vaso, un tanque o una cisterna,\u00a0luego de un tiempo de permanencia genera\u00a0en sus paredes hongos o bacterias que bajan la calidad del agua almacenada. Esta situaci\u00f3n es m\u00e1s cr\u00edtica cuando el agua se encuentra estancada sin movimiento por un largo periodo, como suele ocurrir [&hellip;]<\/p>\n","protected":false},"author":2,"featured_media":0,"parent":329,"menu_order":0,"comment_status":"closed","ping_status":"closed","template":"","meta":{"ngg_post_thumbnail":0,"footnotes":""},"class_list":["post-691","page","type-page","status-publish","hentry"],"jetpack_sharing_enabled":true,"_links":{"self":[{"href":"https:\/\/www.amagua.com\/amagua\/index.php?rest_route=\/wp\/v2\/pages\/691"}],"collection":[{"href":"https:\/\/www.amagua.com\/amagua\/index.php?rest_route=\/wp\/v2\/pages"}],"about":[{"href":"https:\/\/www.amagua.com\/amagua\/index.php?rest_route=\/wp\/v2\/types\/page"}],"author":[{"embeddable":true,"href":"https:\/\/www.amagua.com\/amagua\/index.php?rest_route=\/wp\/v2\/users\/2"}],"replies":[{"embeddable":true,"href":"https:\/\/www.amagua.com\/amagua\/index.php?rest_route=%2Fwp%2Fv2%2Fcomments&post=691"}],"version-history":[{"count":2,"href":"https:\/\/www.amagua.com\/amagua\/index.php?rest_route=\/wp\/v2\/pages\/691\/revisions"}],"predecessor-version":[{"id":856,"href":"https:\/\/www.amagua.com\/amagua\/index.php?rest_route=\/wp\/v2\/pages\/691\/revisions\/856"}],"up":[{"embeddable":true,"href":"https:\/\/www.amagua.com\/amagua\/index.php?rest_route=\/wp\/v2\/pages\/329"}],"wp:attachment":[{"href":"https:\/\/www.amagua.com\/amagua\/index.php?rest_route=%2Fwp%2Fv2%2Fmedia&parent=691"}],"curies":[{"name":"wp","href":"https:\/\/api.w.org\/{rel}","templated":true}]}}