{"id":694,"date":"2015-09-07T21:24:09","date_gmt":"2015-09-07T21:24:09","guid":{"rendered":"http:\/\/www.amagua.com\/amagua\/?page_id=694"},"modified":"2017-02-23T20:22:34","modified_gmt":"2017-02-23T20:22:34","slug":"recepcion-de-instalaciones-domiciliarias","status":"publish","type":"page","link":"https:\/\/www.amagua.com\/amagua\/?page_id=694","title":{"rendered":"Recepci\u00f3n de Instalaciones Domiciliarias"},"content":{"rendered":"<ul>\n<li>Compruebe que no existan fugas u obstrucciones en su red interna de agua potable.<\/li>\n<li>Si posee cisterna recuerde que deber\u00e1 limpiarla e impermeabilizar antes de utilizarla.<\/li>\n<li>Si no habita la vivienda deje la llave de paso cerrada.<\/li>\n<li>Cuando realice instalaciones de accesorios en los ba\u00f1os o cocina, aseg\u00farese de que no existan redes de agua potable cerca de este que puedan estar expuesta a da\u00f1os.<\/li>\n<li>Evite colocar jardines junto a la cisterna, ya que la tierra puede ingresar dentro de \u00e9sta y contaminar el agua almacenada.<\/li>\n<li>Aseg\u00farese de que la forma de cerrado de la cisterna sea adecuada para impedir el ingreso de agua de limpieza del piso.<\/li>\n<li>Evite instalar vegetaci\u00f3n con crecimiento de ra\u00edces cerca de las redes domiciliarias.<\/li>\n<li>Guarde en un lugar seguro los planos de sus instalaciones sanitarias, ya que estos pueden servirle a futuro.<\/li>\n<\/ul>\n<p><img loading=\"lazy\" decoding=\"async\" src=\"https:\/\/www.amagua.com\/amagua\/wp-content\/uploads\/2015\/09\/recepcion_instalacion-1.jpg\" alt=\"recepcion instalacion\" width=\"530\" height=\"179\" \/><\/p>\n","protected":false},"excerpt":{"rendered":"<p>Compruebe que no existan fugas u obstrucciones en su red interna de agua potable. Si posee cisterna recuerde que deber\u00e1 limpiarla e impermeabilizar antes de utilizarla. Si no habita la vivienda deje la llave de paso cerrada. Cuando realice instalaciones de accesorios en los ba\u00f1os o cocina, aseg\u00farese de que no existan redes de agua [&hellip;]<\/p>\n","protected":false},"author":2,"featured_media":0,"parent":329,"menu_order":0,"comment_status":"closed","ping_status":"closed","template":"","meta":{"ngg_post_thumbnail":0,"footnotes":""},"class_list":["post-694","page","type-page","status-publish","hentry"],"jetpack_sharing_enabled":true,"_links":{"self":[{"href":"https:\/\/www.amagua.com\/amagua\/index.php?rest_route=\/wp\/v2\/pages\/694"}],"collection":[{"href":"https:\/\/www.amagua.com\/amagua\/index.php?rest_route=\/wp\/v2\/pages"}],"about":[{"href":"https:\/\/www.amagua.com\/amagua\/index.php?rest_route=\/wp\/v2\/types\/page"}],"author":[{"embeddable":true,"href":"https:\/\/www.amagua.com\/amagua\/index.php?rest_route=\/wp\/v2\/users\/2"}],"replies":[{"embeddable":true,"href":"https:\/\/www.amagua.com\/amagua\/index.php?rest_route=%2Fwp%2Fv2%2Fcomments&post=694"}],"version-history":[{"count":3,"href":"https:\/\/www.amagua.com\/amagua\/index.php?rest_route=\/wp\/v2\/pages\/694\/revisions"}],"predecessor-version":[{"id":1149,"href":"https:\/\/www.amagua.com\/amagua\/index.php?rest_route=\/wp\/v2\/pages\/694\/revisions\/1149"}],"up":[{"embeddable":true,"href":"https:\/\/www.amagua.com\/amagua\/index.php?rest_route=\/wp\/v2\/pages\/329"}],"wp:attachment":[{"href":"https:\/\/www.amagua.com\/amagua\/index.php?rest_route=%2Fwp%2Fv2%2Fmedia&parent=694"}],"curies":[{"name":"wp","href":"https:\/\/api.w.org\/{rel}","templated":true}]}}