{"id":808,"date":"2015-09-29T22:08:49","date_gmt":"2015-09-29T22:08:49","guid":{"rendered":"http:\/\/www.amagua.com\/amagua\/?page_id=808"},"modified":"2019-11-26T10:46:06","modified_gmt":"2019-11-26T15:46:06","slug":"responsable-de-atender-la-informacion-publica","status":"publish","type":"page","link":"https:\/\/www.amagua.com\/amagua\/?page_id=808","title":{"rendered":"Responsable de Atender la Informaci\u00f3n P\u00fablica"},"content":{"rendered":"<hr>\n<div class=\"paginas\">\n<p>El ciudadano que de acuerdo a lo establecido en la Ley Org\u00e1nica de Transparencia y Acceso a la Informaci\u00f3n P\u00fablica requiera informaci\u00f3n acerca de AMAGUA, deber\u00e1 regirse al Art. 19 de la Ley; en el cual determina lo siguiente:<\/p>\n<ol>\n<li>Emitir una solicitud escrita indicando que informaci\u00f3n requiere, dirigida a:\n<ul>\n<li class=\"especial\"><strong>Abg. Leonardo Defilippi<\/strong><\/li>\n<li class=\"especial\"><strong>Director Jur\u00eddico<\/strong><\/li>\n<li class=\"especial\"><strong>AMAGUA &#8211; C.E.M.<\/strong><\/li>\n<li class=\"especial\"><strong>Email: <\/strong> <a href=\"mailto:leonardo.defilippi@amagua-cem.com\">leonardo.defilippi@amagua-cem.com<\/a><\/li>\n<li class=\"especial\"><strong>Direcci\u00f3n: <\/strong>Ave. Samborond\u00f3n Este #10400 \u2013 Samborond\u00f3n (Junto al Cuerpo de Bomberos)<\/li>\n<\/ul>\n<\/li>\n<li>Adjuntar una copia del RUC o de la c\u00e9dula de la identidad del interesado.<\/li>\n<li>Indicar lugar donde recibir\u00e1 notificaciones posteriores.<\/li>\n<\/ol>\n<p><strong>NOTA:<\/strong> Previa la solicitud se recomienda considerar la disposici\u00f3n contenida en el Art. 20 de la Ley Org\u00e1nica de Transparencia y Acceso a la Informaci\u00f3n P\u00fablica.<\/p>\n<\/div>\n","protected":false},"excerpt":{"rendered":"<p>El ciudadano que de acuerdo a lo establecido en la Ley Org\u00e1nica de Transparencia y Acceso a la Informaci\u00f3n P\u00fablica requiera informaci\u00f3n acerca de AMAGUA, deber\u00e1 regirse al Art. 19 de la Ley; en el cual determina lo siguiente: Emitir una solicitud escrita indicando que informaci\u00f3n requiere, dirigida a: Abg. Leonardo Defilippi Director Jur\u00eddico AMAGUA [&hellip;]<\/p>\n","protected":false},"author":2,"featured_media":0,"parent":438,"menu_order":0,"comment_status":"closed","ping_status":"closed","template":"","meta":{"ngg_post_thumbnail":0,"footnotes":""},"class_list":["post-808","page","type-page","status-publish","hentry"],"jetpack_sharing_enabled":true,"_links":{"self":[{"href":"https:\/\/www.amagua.com\/amagua\/index.php?rest_route=\/wp\/v2\/pages\/808"}],"collection":[{"href":"https:\/\/www.amagua.com\/amagua\/index.php?rest_route=\/wp\/v2\/pages"}],"about":[{"href":"https:\/\/www.amagua.com\/amagua\/index.php?rest_route=\/wp\/v2\/types\/page"}],"author":[{"embeddable":true,"href":"https:\/\/www.amagua.com\/amagua\/index.php?rest_route=\/wp\/v2\/users\/2"}],"replies":[{"embeddable":true,"href":"https:\/\/www.amagua.com\/amagua\/index.php?rest_route=%2Fwp%2Fv2%2Fcomments&post=808"}],"version-history":[{"count":15,"href":"https:\/\/www.amagua.com\/amagua\/index.php?rest_route=\/wp\/v2\/pages\/808\/revisions"}],"predecessor-version":[{"id":1674,"href":"https:\/\/www.amagua.com\/amagua\/index.php?rest_route=\/wp\/v2\/pages\/808\/revisions\/1674"}],"up":[{"embeddable":true,"href":"https:\/\/www.amagua.com\/amagua\/index.php?rest_route=\/wp\/v2\/pages\/438"}],"wp:attachment":[{"href":"https:\/\/www.amagua.com\/amagua\/index.php?rest_route=%2Fwp%2Fv2%2Fmedia&parent=808"}],"curies":[{"name":"wp","href":"https:\/\/api.w.org\/{rel}","templated":true}]}}